{"id":4435,"date":"2023-09-26T15:16:26","date_gmt":"2023-09-26T13:16:26","guid":{"rendered":"https:\/\/origami.maybachufer.art\/uber-aleksei-2\/"},"modified":"2024-06-17T13:55:16","modified_gmt":"2024-06-17T11:55:16","slug":"uber-aleksei","status":"publish","type":"page","link":"https:\/\/origami.maybachufer.art\/de\/uber-aleksei\/","title":{"rendered":"\u00dcber mich"},"content":{"rendered":"<div id=\"fb-root\"><\/div>\n\n<div class=\"wp-block-uagb-container uagb-block-713a9976 alignfull uagb-is-root-container\"><div class=\"uagb-container-inner-blocks-wrap\">\n<div class=\"wp-block-uagb-container uagb-block-2a2c5fce\">\n<div class=\"wp-block-uagb-container wp-embed-aspect-4-3 wp-has-aspect-ratio uagb-block-a1d72886\">\n<div class=\"wp-block-uagb-container uagb-block-1be1f874\"><\/div>\n\n\n\n<div class=\"wp-block-uagb-container uagb-block-a5db75eb\">\n<div class=\"wp-block-uagb-advanced-heading uagb-block-069adba0\"><h1 class=\"uagb-heading-text\">Origami: Eine kreative Reise<\/h1><\/div>\n\n\n\n<p>Meine Geschichte als Origami-K\u00fcnstler war eine aufregende Reise der Entdeckung und des k\u00fcnstlerischen Ausdrucks. Seit meiner Ankunft in Berlin aus Barcelona, wo ich mein fr\u00fcheres Unternehmen f\u00fcr Technologiedienstleistungen geschlossen habe, hat mein Leben eine \u00fcberraschende Wendung hin zur Welt des Origami genommen.<\/p>\n<\/div>\n<\/div>\n\n\n\n<div class=\"wp-block-uagb-container wp-embed-aspect-4-3 wp-has-aspect-ratio uagb-block-afeb26db\">\n<div class=\"wp-block-uagb-container uagb-block-08aa36e3\">\n<div class=\"wp-block-uagb-advanced-heading uagb-block-5cd185e9\"><h1 class=\"uagb-heading-text\">Reisende Kunst<\/h1><\/div>\n\n\n\n<p>Von 2017 bis heute bin ich in die Schaffung einer reisenden Kunstinstallation eingetaucht, die an einer Vielzahl von ungew\u00f6hnlichen und aufregenden Orten ihr Zuhause gefunden hat. Ich habe meine Werke in Parks, auf Stra\u00dfen, M\u00e4rkten, in Galerien, Bibliotheken, Caf\u00e9s, Clubs und Bars pr\u00e4sentiert und so die Origami-Kunst einem neuen Publikum und neuen Umgebungen n\u00e4her gebracht. Dies war meine Hauptbesch\u00e4ftigung in dieser Zeit, und es hat mich sehr befriedigt, zu sehen, wie Papier zu einem lebendigen, fl\u00fcchtigen Ausdruck von Kunst wird.<\/p>\n<\/div>\n\n\n\n<div class=\"wp-block-uagb-container uagb-block-043e56ea\">\n<div class=\"wp-block-uagb-image uagb-block-9b1fbebe wp-block-uagb-image--layout-default wp-block-uagb-image--effect-static wp-block-uagb-image--align-none\"><figure class=\"wp-block-uagb-image__figure\"><a class=\"\" href=\"https:\/\/origami.maybachufer.art\/wp-content\/uploads\/2023\/09\/maybachufer-origami-collection-e1695072211908.jpeg\" target=\"\" rel=\"noopener\"><img decoding=\"async\" srcset=\"https:\/\/origami.maybachufer.art\/wp-content\/uploads\/2023\/09\/maybachufer-origami-collection-e1695072211908-1024x577.jpeg  \" sizes=\"auto, (max-width: 480px) 150px\" src=\"https:\/\/origami.maybachufer.art\/wp-content\/uploads\/2023\/09\/maybachufer-origami-collection-e1695072211908-1024x577.jpeg\" alt=\"\" class=\"uag-image-4005\" width=\"1024\" height=\"577\" title=\"\" loading=\"lazy\" role=\"img\"><\/a><\/figure><\/div>\n\n\n\n<div class=\"wp-block-uagb-image uagb-block-c1d2027f wp-block-uagb-image--layout-default wp-block-uagb-image--effect-static wp-block-uagb-image--align-none\"><figure class=\"wp-block-uagb-image__figure\"><img decoding=\"async\" srcset=\"https:\/\/origami.maybachufer.art\/wp-content\/uploads\/2022\/10\/wp-1666084172146-1024x512.jpg  \" sizes=\"auto, (max-width: 480px) 150px\" src=\"https:\/\/origami.maybachufer.art\/wp-content\/uploads\/2022\/10\/wp-1666084172146-1024x512.jpg\" alt=\"\" class=\"uag-image-2008\" width=\"1024\" height=\"577\" title=\"\" loading=\"lazy\" role=\"img\"><\/figure><\/div>\n\n\n\n<div class=\"wp-block-uagb-image uagb-block-23460633 wp-block-uagb-image--layout-default wp-block-uagb-image--effect-static wp-block-uagb-image--align-none\"><figure class=\"wp-block-uagb-image__figure\"><img decoding=\"async\" srcset=\"https:\/\/origami.maybachufer.art\/wp-content\/uploads\/2022\/01\/IMG_20190609_172045-scaled.jpg  \" sizes=\"auto, (max-width: 480px) 150px\" src=\"https:\/\/origami.maybachufer.art\/wp-content\/uploads\/2022\/01\/IMG_20190609_172045-scaled.jpg\" alt=\"\" class=\"uag-image-309\" width=\"1024\" height=\"577\" title=\"\" loading=\"lazy\" role=\"img\"><\/figure><\/div>\n<\/div>\n<\/div>\n\n\n\n<div class=\"wp-block-uagb-container wp-embed-aspect-4-3 wp-has-aspect-ratio uagb-block-cd10c926\">\n<div class=\"wp-block-uagb-container uagb-block-c6202efb\"><\/div>\n\n\n\n<div class=\"wp-block-uagb-container uagb-block-140ce2fd\">\n<div class=\"wp-block-uagb-advanced-heading uagb-block-09d83403\"><h1 class=\"uagb-heading-text\">Workshops<\/h1><\/div>\n\n\n\n<p>Meine Reise als Origami-Workshopper begann im Sommer 2013, und seither habe ich meine Leidenschaft f\u00fcr Origami in zahlreichen Workshops weitergegeben. In diesen Jahren hatte ich das Vergn\u00fcgen, mit Institutionen wie dem Stadtzentrum Barceloneta und dem Unternehmen British Summer zusammenzuarbeiten, mit dem ich zwischen 2014 und 2016 eine enge Kooperation pflegte. Im Jahr 2023 feiere ich ein Jahrzehnt als Origami-Workshopper, und jede Erfahrung war eine Gelegenheit, andere dazu zu inspirieren, die Magie des Papiers zu entdecken.<\/p>\n<\/div>\n<\/div>\n\n\n\n<div class=\"wp-block-uagb-container wp-embed-aspect-4-3 wp-has-aspect-ratio uagb-block-3e1cbead\">\n<div class=\"wp-block-uagb-container uagb-block-5c35c0ee\">\n<div class=\"wp-block-uagb-advanced-heading uagb-block-65273afa\"><h1 class=\"uagb-heading-text\">Darstellende Kunst<\/h1><\/div>\n\n\n\n<p>Zwischen 2013 und 2014 erforschte ich in einem Werk mit dem Titel &#8222;Orimagus&#8220; die \u00dcberschneidung von darstellender Kunst und Origami. In dieser einzigartigen Produktion wurde die Welt des Origami mit Tanz, Musik und Theater kombiniert. eine Show zu kreieren, die die Zuschauer auf eine lehrreiche Reise durch Orte, Anekdoten und Charaktere im Zusammenhang mit dem Universum des Origami und des Papiers mitnimmt.<\/p>\n<\/div>\n\n\n\n<div class=\"wp-block-uagb-container uagb-block-4afcce2a\"><\/div>\n<\/div>\n\n\n\n<div class=\"wp-block-uagb-container wp-embed-aspect-4-3 wp-has-aspect-ratio uagb-block-e4e70759\">\n<div class=\"wp-block-uagb-container uagb-block-6359cd08\">\n<figure class=\"wp-block-embed is-type-video is-provider-youtube wp-block-embed-youtube wp-embed-aspect-4-3 wp-has-aspect-ratio\" style=\"margin-top:0;margin-right:0;margin-bottom:0;margin-left:0\"><div class=\"wp-block-embed__wrapper\">\n<iframe loading=\"lazy\" title=\"Aleksei&#039;s Paper\" width=\"500\" height=\"375\" src=\"https:\/\/www.youtube.com\/embed\/Qtml0jC7Q3A?feature=oembed\" frameborder=\"0\" allow=\"accelerometer; autoplay; clipboard-write; encrypted-media; gyroscope; picture-in-picture; web-share\" referrerpolicy=\"strict-origin-when-cross-origin\" allowfullscreen><\/iframe>\n<\/div><\/figure>\n<\/div>\n\n\n\n<div class=\"wp-block-uagb-container uagb-block-05944baa\">\n<div class=\"wp-block-uagb-advanced-heading uagb-block-a7533760 wp-embed-aspect-4-3 wp-has-aspect-ratio\"><h2 class=\"uagb-heading-text\">Reportage (auf Englisch) erstellt in Berlin von Andrew Ballantyne im Dezember 2020<\/h2><\/div>\n<\/div>\n<\/div>\n\n\n\n<div class=\"wp-block-uagb-container wp-embed-aspect-4-3 wp-has-aspect-ratio uagb-block-75e582e2\">\n<div class=\"wp-block-uagb-container uagb-block-ce5de1f2\">\n<div class=\"wp-block-uagb-advanced-heading uagb-block-c9cdb331\"><h2 class=\"uagb-heading-text\">Bericht (auf Spanisch) erstellt in Yucatan von Reporteros Hoy im Februar 2019<\/h2><\/div>\n<\/div>\n\n\n\n<div class=\"wp-block-uagb-container uagb-block-e1bcf553\"><!-- Embedded with Magic Embeds - https:\/\/magicembeds.com --><div class=\"wef-measure\" style=\"max-width: 1000px;\"><\/div><div class=\"fb-video\" data-href=\"https:\/\/www.facebook.com\/reporteroshoy\/videos\/413014166121796\" data-allowfullscreen=\"false\" data-autoplay=\"false\" data-width=\"1000\" data-show-text=\"false\" data-show-captions=\"true\"><\/div>\n<\/div>\n<\/div>\n<\/div>\n<\/div><\/div>\n\n<div class=\"wp-block-uagb-container uagb-block-5a1a1418 alignfull uagb-is-root-container\"><div class=\"uagb-container-inner-blocks-wrap\">\n<div class=\"wp-block-uagb-container uagb-block-f26055c9\">\n<div class=\"wp-block-uagb-advanced-heading uagb-block-4e2c1b5f\"><h2 class=\"uagb-heading-text\">Piano Rivero<\/h2><p class=\"uagb-desc-text\">Lieder aus Spanien und Lateinamerika<\/p><\/div>\n\n\n\n<p>Seit Juni 2020 spiele ich auch regelm\u00e4\u00dfig Klavier und habe eine Website eingerichtet, um meine Auftritte mit Volks- und Unterhaltungsmusik mit Familie und Freunden zu teilen. Ich lade Sie ein, <a href=\"https:\/\/pianorivero.art\/\" target=\"_blank\" rel=\"noreferrer noopener\">pianorivero.art<\/a> zu besuchen.<\/p>\n<\/div>\n<\/div><\/div>\n\n<div class=\"wp-block-uagb-container uagb-block-341ccb3d alignfull uagb-is-root-container\"><div class=\"uagb-container-inner-blocks-wrap\">\n<div class=\"wp-block-uagb-advanced-heading uagb-block-3cd94222\"><h2 class=\"uagb-heading-text\">Technologieberater<\/h2><\/div>\n\n\n\n<p>Als Technologieberater mit fast 30 Jahren Erfahrung habe ich beschlossen, meine Leidenschaft f\u00fcr Technologie mit meiner Hingabe f\u00fcr die Origami-Kunst zu verbinden. Ich habe Rivero Digital gegr\u00fcndet, ein Unternehmen, das sich auf die Erstellung mehrsprachiger Websites spezialisiert hat. Mit Sitz in La Palma, Kanarische Inseln, und dem Ziel, unsere Dienstleistungen auf der Achse Teneriffa-Barcelona-Berlin zu erweitern, sind wir hier, um Ihnen zu helfen, Ihre Online-Pr\u00e4senz auf die n\u00e4chste Stufe zu heben. Besuchen Sie <a href=\"https:\/\/rivero-digital.com\/\" target=\"_blank\" rel=\"noopener\">Rivero-Digital.com<\/a>, um mehr \u00fcber unsere Dienstleistungen zu erfahren und dar\u00fcber, wie wir Ihnen helfen k\u00f6nnen, in der digitalen Welt erfolgreich zu sein.<\/p>\n\n\n\n<div class=\"wp-block-uagb-image uagb-block-bcd74432 wp-block-uagb-image--layout-default wp-block-uagb-image--effect-static wp-block-uagb-image--align-none\"><figure class=\"wp-block-uagb-image__figure\"><a class=\"\" href=\"https:\/\/rivero-digital.com\/\" target=\"_blank\" rel=\"noreferrer noopener\"><img decoding=\"async\"  sizes=\"auto, (max-width: 480px) 150px\" src=\"https:\/\/rivero-digital.com\/wp-content\/uploads\/2023\/08\/ES-Habla-el-idioma-de-tus-clientes.png\" alt=\"\" width=\"1000\" height=\"630\" title=\"\" loading=\"lazy\" role=\"img\"><\/a><\/figure><\/div>\n<\/div><\/div>\n","protected":false},"excerpt":{"rendered":"<p>Origami: Eine kreative Reise Meine Geschichte als Origami-K\u00fcnstler war eine aufregende Reise der Entdeckung und des k\u00fcnstlerischen Ausdrucks. Seit meiner Ankunft in Berlin aus Barcelona, wo ich mein fr\u00fcheres Unternehmen f\u00fcr Technologiedienstleistungen geschlossen habe, hat mein Leben eine \u00fcberraschende Wendung hin zur Welt des Origami genommen. Reisende Kunst Von 2017 bis heute bin ich in [&hellip;]<\/p>\n","protected":false},"author":1,"featured_media":3918,"parent":0,"menu_order":50,"comment_status":"closed","ping_status":"closed","template":"","meta":{"_coblocks_attr":"","_coblocks_dimensions":"","_coblocks_responsive_height":"","_coblocks_accordion_ie_support":"","_uag_custom_page_level_css":"","site-sidebar-layout":"default","site-content-layout":"","ast-site-content-layout":"full-width-container","site-content-style":"default","site-sidebar-style":"default","ast-global-header-display":"","ast-banner-title-visibility":"","ast-main-header-display":"","ast-hfb-above-header-display":"","ast-hfb-below-header-display":"","ast-hfb-mobile-header-display":"","site-post-title":"disabled","ast-breadcrumbs-content":"","ast-featured-img":"disabled","footer-sml-layout":"","theme-transparent-header-meta":"","adv-header-id-meta":"","stick-header-meta":"","header-above-stick-meta":"","header-main-stick-meta":"","header-below-stick-meta":"","astra-migrate-meta-layouts":"default","ast-page-background-enabled":"default","ast-page-background-meta":{"desktop":{"background-color":"var(--ast-global-color-4)","background-image":"","background-repeat":"repeat","background-position":"center center","background-size":"auto","background-attachment":"scroll","background-type":"","background-media":"","overlay-type":"","overlay-color":"","overlay-opacity":"","overlay-gradient":""},"tablet":{"background-color":"","background-image":"","background-repeat":"repeat","background-position":"center center","background-size":"auto","background-attachment":"scroll","background-type":"","background-media":"","overlay-type":"","overlay-color":"","overlay-opacity":"","overlay-gradient":""},"mobile":{"background-color":"","background-image":"","background-repeat":"repeat","background-position":"center center","background-size":"auto","background-attachment":"scroll","background-type":"","background-media":"","overlay-type":"","overlay-color":"","overlay-opacity":"","overlay-gradient":""}},"ast-content-background-meta":{"desktop":{"background-color":"var(--ast-global-color-5)","background-image":"","background-repeat":"repeat","background-position":"center center","background-size":"auto","background-attachment":"scroll","background-type":"","background-media":"","overlay-type":"","overlay-color":"","overlay-opacity":"","overlay-gradient":""},"tablet":{"background-color":"var(--ast-global-color-5)","background-image":"","background-repeat":"repeat","background-position":"center center","background-size":"auto","background-attachment":"scroll","background-type":"","background-media":"","overlay-type":"","overlay-color":"","overlay-opacity":"","overlay-gradient":""},"mobile":{"background-color":"var(--ast-global-color-5)","background-image":"","background-repeat":"repeat","background-position":"center center","background-size":"auto","background-attachment":"scroll","background-type":"","background-media":"","overlay-type":"","overlay-color":"","overlay-opacity":"","overlay-gradient":""}},"footnotes":""},"class_list":["post-4435","page","type-page","status-publish","has-post-thumbnail","hentry"],"uagb_featured_image_src":{"full":["https:\/\/origami.maybachufer.art\/wp-content\/uploads\/2023\/09\/Aleksei-foto-luca_strano1.jpg",960,806,false],"thumbnail":["https:\/\/origami.maybachufer.art\/wp-content\/uploads\/2023\/09\/Aleksei-foto-luca_strano1-150x150.jpg",150,150,true],"medium":["https:\/\/origami.maybachufer.art\/wp-content\/uploads\/2023\/09\/Aleksei-foto-luca_strano1-300x252.jpg",300,252,true],"medium_large":["https:\/\/origami.maybachufer.art\/wp-content\/uploads\/2023\/09\/Aleksei-foto-luca_strano1-768x645.jpg",768,645,true],"large":["https:\/\/origami.maybachufer.art\/wp-content\/uploads\/2023\/09\/Aleksei-foto-luca_strano1.jpg",960,806,false],"thumblist":["https:\/\/origami.maybachufer.art\/wp-content\/uploads\/2023\/09\/Aleksei-foto-luca_strano1.jpg",300,252,false],"thumbrelated":["https:\/\/origami.maybachufer.art\/wp-content\/uploads\/2023\/09\/Aleksei-foto-luca_strano1.jpg",500,420,false],"meccarouselthumb":["https:\/\/origami.maybachufer.art\/wp-content\/uploads\/2023\/09\/Aleksei-foto-luca_strano1.jpg",386,324,false],"gridsquare":["https:\/\/origami.maybachufer.art\/wp-content\/uploads\/2023\/09\/Aleksei-foto-luca_strano1.jpg",310,260,false],"tileview":["https:\/\/origami.maybachufer.art\/wp-content\/uploads\/2023\/09\/Aleksei-foto-luca_strano1.jpg",300,252,false],"1536x1536":["https:\/\/origami.maybachufer.art\/wp-content\/uploads\/2023\/09\/Aleksei-foto-luca_strano1.jpg",960,806,false],"2048x2048":["https:\/\/origami.maybachufer.art\/wp-content\/uploads\/2023\/09\/Aleksei-foto-luca_strano1.jpg",960,806,false],"woocommerce_thumbnail":["https:\/\/origami.maybachufer.art\/wp-content\/uploads\/2023\/09\/Aleksei-foto-luca_strano1-250x250.jpg",250,250,true],"woocommerce_single":["https:\/\/origami.maybachufer.art\/wp-content\/uploads\/2023\/09\/Aleksei-foto-luca_strano1-400x336.jpg",400,336,true],"woocommerce_gallery_thumbnail":["https:\/\/origami.maybachufer.art\/wp-content\/uploads\/2023\/09\/Aleksei-foto-luca_strano1-100x100.jpg",100,100,true]},"uagb_author_info":{"display_name":"Rivero Mendoza","author_link":"https:\/\/origami.maybachufer.art\/de\/author\/aleksei\/"},"uagb_comment_info":0,"uagb_excerpt":"Origami: Eine kreative Reise Meine Geschichte als Origami-K\u00fcnstler war eine aufregende Reise der Entdeckung und des k\u00fcnstlerischen Ausdrucks. Seit meiner Ankunft in Berlin aus Barcelona, wo ich mein fr\u00fcheres Unternehmen f\u00fcr Technologiedienstleistungen geschlossen habe, hat mein Leben eine \u00fcberraschende Wendung hin zur Welt des Origami genommen. Reisende Kunst Von 2017 bis heute bin ich in&hellip;","_links":{"self":[{"href":"https:\/\/origami.maybachufer.art\/de\/wp-json\/wp\/v2\/pages\/4435","targetHints":{"allow":["GET"]}}],"collection":[{"href":"https:\/\/origami.maybachufer.art\/de\/wp-json\/wp\/v2\/pages"}],"about":[{"href":"https:\/\/origami.maybachufer.art\/de\/wp-json\/wp\/v2\/types\/page"}],"author":[{"embeddable":true,"href":"https:\/\/origami.maybachufer.art\/de\/wp-json\/wp\/v2\/users\/1"}],"replies":[{"embeddable":true,"href":"https:\/\/origami.maybachufer.art\/de\/wp-json\/wp\/v2\/comments?post=4435"}],"version-history":[{"count":6,"href":"https:\/\/origami.maybachufer.art\/de\/wp-json\/wp\/v2\/pages\/4435\/revisions"}],"predecessor-version":[{"id":5141,"href":"https:\/\/origami.maybachufer.art\/de\/wp-json\/wp\/v2\/pages\/4435\/revisions\/5141"}],"wp:featuredmedia":[{"embeddable":true,"href":"https:\/\/origami.maybachufer.art\/de\/wp-json\/wp\/v2\/media\/3918"}],"wp:attachment":[{"href":"https:\/\/origami.maybachufer.art\/de\/wp-json\/wp\/v2\/media?parent=4435"}],"curies":[{"name":"wp","href":"https:\/\/api.w.org\/{rel}","templated":true}]}}