{"id":3078,"date":"2022-12-01T09:58:46","date_gmt":"2022-12-01T08:58:46","guid":{"rendered":"https:\/\/origami.maybachufer.art\/workshops\/origami-workshop-in-der-janusz-korczak-bibliothek-berlin-pankow\/"},"modified":"2022-12-01T09:58:47","modified_gmt":"2022-12-01T08:58:47","slug":"origami-workshop-in-der-janusz-korczak-bibliothek-berlin-pankow","status":"publish","type":"page","link":"https:\/\/origami.maybachufer.art\/de\/workshops\/origami-workshop-in-der-janusz-korczak-bibliothek-berlin-pankow\/","title":{"rendered":"Origami-Workshop in der Janusz-Korczak-Bibliothek (Berlin-Pankow)"},"content":{"rendered":"<div id=\"fb-root\"><\/div>\n\n<div class=\"wp-block-columns is-layout-flex wp-container-core-columns-is-layout-28f84493 wp-block-columns-is-layout-flex\">\n<div class=\"wp-block-column is-layout-flow wp-block-column-is-layout-flow\" style=\"flex-basis:25%\">\n<p class=\"has-text-align-center has-ast-global-color-4-color has-ast-global-color-0-background-color has-text-color has-background\" style=\"font-size:15px\">11. Dezember 2022<br\/>15h &#8211; 18h<\/p>\n\n\n\n<p>Kostenlose Aktivit\u00e4t.<\/p>\n<\/div>\n\n\n\n<div class=\"wp-block-column is-vertically-aligned-top is-layout-flow wp-block-column-is-layout-flow\" style=\"flex-basis:75%\">\n<p>Wir bieten nicht nur einen Origami-Workshop an, sondern auch einen Raum, in dem Sie Ihre F\u00e4higkeiten im Papierfalten erlernen und weiterentwickeln k\u00f6nnen. Die Teilnahme ist kostenlos, ebenso wie die Zeit, die jeder Einzelne f\u00fcr diese T\u00e4tigkeit aufwenden m\u00f6chte. Stephanie (<a href=\"https:\/\/origami.maybachufer.art\/de\/wo-zu-kaufen\/\" data-type=\"page\" data-id=\"199\">Bokx<\/a>) und Aleksei (<a href=\"https:\/\/origami.maybachufer.art\/de\/uber-aleksei\/\" data-type=\"page\" data-id=\"86\">Maybachufer.art<\/a>) werden Sie mit Material, B\u00fcchern und ausgestellten Modellen begleiten.<\/p>\n<\/div>\n<\/div>\n\n<figure class=\"wp-block-image aligncenter size-large\"><img decoding=\"async\" src=\"https:\/\/www.berlin.de\/stadtbibliothek-pankow\/bibliotheken\/janusz-korczak-bibliothek\/crop_784_392_13_5_800_400_bacc9c513a1a9b47ae5fdc99ba9d8bbd_jkb-aussen-web-start-ines-schulze.jpg\" alt=\"\"\/><figcaption class=\"wp-element-caption\">Bildquelle: <a href=\"https:\/\/www.berlin.de\/stadtbibliothek-pankow\/bibliotheken\/janusz-korczak-bibliothek\/\" target=\"_blank\" rel=\"noopener\">https:\/\/www.berlin.de\/stadtbibliothek-pankow\/bibliotheken\/janusz-korczak-bibliothek\/<\/a><\/figcaption><\/figure>\n<h4 class=\"wp-block-heading\">Standort<\/h4>\n\n<div class=\"wp-block-columns is-layout-flex wp-container-core-columns-is-layout-28f84493 wp-block-columns-is-layout-flex\">\n<div class=\"wp-block-column is-layout-flow wp-block-column-is-layout-flow\">\n<div style=\"min-height:400px\" data-map-attr=\"\/qaddress\/q:\/qJanusz-Korczak-Bibliothek\/q||\/qlat\/q:\/qundefined\/q||\/qlng\/q:\/qundefined\/q||\/qskin\/q:\/qstandard\/q||\/qzoom\/q:\/q12\/q||\/qiconSize\/q:\/q36\/q||\/qmapTypeControl\/q:\/qtrue\/q||\/qzoomControl\/q:\/qtrue\/q||\/qstreetViewControl\/q:\/qtrue\/q||\/qfullscreenControl\/q:\/qtrue\/q\" class=\"wp-block-coblocks-map\"><iframe title=\"Google Map\" frameborder=\"0\" style=\"width:100%;min-height:400px\" src=\"https:\/\/www.google.com\/maps?q=Janusz-Korczak-Bibliothek&amp;output=embed&amp;hl=es-ES&amp;z=12\"><\/iframe><\/div>\n<\/div>\n\n\n\n<div class=\"wp-block-column is-layout-flow wp-block-column-is-layout-flow\">\n<p>Berliner Str. 120, 13187 Berlin<\/p>\n\n\n\n<p>Tel.: (+49) 030 90295-6965<\/p>\n\n\n\n<p>web: <a href=\"https:\/\/www.berlin.de\/stadtbibliothek-pankow\/bibliotheken\/janusz-korczak-bibliothek\/\" target=\"_blank\" rel=\"noreferrer noopener\">https:\/\/www.berlin.de\/stadtbibliothek-pankow\/bibliotheken\/janusz-korczak-bibliothek\/<\/a><\/p>\n<\/div>\n<\/div>\n","protected":false},"excerpt":{"rendered":"<p>11. Dezember 202215h &#8211; 18h Kostenlose Aktivit\u00e4t. Wir bieten nicht nur einen Origami-Workshop an, sondern auch einen Raum, in dem Sie Ihre F\u00e4higkeiten im Papierfalten erlernen und weiterentwickeln k\u00f6nnen. Die Teilnahme ist kostenlos, ebenso wie die Zeit, die jeder Einzelne f\u00fcr diese T\u00e4tigkeit aufwenden m\u00f6chte. Stephanie (Bokx) und Aleksei (Maybachufer.art) werden Sie mit Material, B\u00fcchern [&hellip;]<\/p>\n","protected":false},"author":1,"featured_media":0,"parent":2251,"menu_order":0,"comment_status":"closed","ping_status":"closed","template":"","meta":{"_coblocks_attr":"","_coblocks_dimensions":"","_coblocks_responsive_height":"","_coblocks_accordion_ie_support":"","_uag_custom_page_level_css":"","site-sidebar-layout":"default","site-content-layout":"","ast-site-content-layout":"default","site-content-style":"default","site-sidebar-style":"default","ast-global-header-display":"","ast-banner-title-visibility":"","ast-main-header-display":"","ast-hfb-above-header-display":"","ast-hfb-below-header-display":"","ast-hfb-mobile-header-display":"","site-post-title":"","ast-breadcrumbs-content":"","ast-featured-img":"","footer-sml-layout":"","theme-transparent-header-meta":"","adv-header-id-meta":"","stick-header-meta":"","header-above-stick-meta":"","header-main-stick-meta":"","header-below-stick-meta":"","astra-migrate-meta-layouts":"default","ast-page-background-enabled":"default","ast-page-background-meta":{"desktop":{"background-color":"var(--ast-global-color-4)","background-image":"","background-repeat":"repeat","background-position":"center center","background-size":"auto","background-attachment":"scroll","background-type":"","background-media":"","overlay-type":"","overlay-color":"","overlay-opacity":"","overlay-gradient":""},"tablet":{"background-color":"","background-image":"","background-repeat":"repeat","background-position":"center center","background-size":"auto","background-attachment":"scroll","background-type":"","background-media":"","overlay-type":"","overlay-color":"","overlay-opacity":"","overlay-gradient":""},"mobile":{"background-color":"","background-image":"","background-repeat":"repeat","background-position":"center center","background-size":"auto","background-attachment":"scroll","background-type":"","background-media":"","overlay-type":"","overlay-color":"","overlay-opacity":"","overlay-gradient":""}},"ast-content-background-meta":{"desktop":{"background-color":"var(--ast-global-color-5)","background-image":"","background-repeat":"repeat","background-position":"center center","background-size":"auto","background-attachment":"scroll","background-type":"","background-media":"","overlay-type":"","overlay-color":"","overlay-opacity":"","overlay-gradient":""},"tablet":{"background-color":"var(--ast-global-color-5)","background-image":"","background-repeat":"repeat","background-position":"center center","background-size":"auto","background-attachment":"scroll","background-type":"","background-media":"","overlay-type":"","overlay-color":"","overlay-opacity":"","overlay-gradient":""},"mobile":{"background-color":"var(--ast-global-color-5)","background-image":"","background-repeat":"repeat","background-position":"center center","background-size":"auto","background-attachment":"scroll","background-type":"","background-media":"","overlay-type":"","overlay-color":"","overlay-opacity":"","overlay-gradient":""}},"footnotes":""},"class_list":["post-3078","page","type-page","status-publish","hentry"],"uagb_featured_image_src":{"full":false,"thumbnail":false,"medium":false,"medium_large":false,"large":false,"thumblist":false,"thumbrelated":false,"meccarouselthumb":false,"gridsquare":false,"tileview":false,"1536x1536":false,"2048x2048":false,"woocommerce_thumbnail":false,"woocommerce_single":false,"woocommerce_gallery_thumbnail":false},"uagb_author_info":{"display_name":"Rivero Mendoza","author_link":"https:\/\/origami.maybachufer.art\/de\/author\/aleksei\/"},"uagb_comment_info":0,"uagb_excerpt":"11. Dezember 202215h &#8211; 18h Kostenlose Aktivit\u00e4t. Wir bieten nicht nur einen Origami-Workshop an, sondern auch einen Raum, in dem Sie Ihre F\u00e4higkeiten im Papierfalten erlernen und weiterentwickeln k\u00f6nnen. Die Teilnahme ist kostenlos, ebenso wie die Zeit, die jeder Einzelne f\u00fcr diese T\u00e4tigkeit aufwenden m\u00f6chte. Stephanie (Bokx) und Aleksei (Maybachufer.art) werden Sie mit Material, B\u00fcchern&hellip;","_links":{"self":[{"href":"https:\/\/origami.maybachufer.art\/de\/wp-json\/wp\/v2\/pages\/3078","targetHints":{"allow":["GET"]}}],"collection":[{"href":"https:\/\/origami.maybachufer.art\/de\/wp-json\/wp\/v2\/pages"}],"about":[{"href":"https:\/\/origami.maybachufer.art\/de\/wp-json\/wp\/v2\/types\/page"}],"author":[{"embeddable":true,"href":"https:\/\/origami.maybachufer.art\/de\/wp-json\/wp\/v2\/users\/1"}],"replies":[{"embeddable":true,"href":"https:\/\/origami.maybachufer.art\/de\/wp-json\/wp\/v2\/comments?post=3078"}],"version-history":[{"count":1,"href":"https:\/\/origami.maybachufer.art\/de\/wp-json\/wp\/v2\/pages\/3078\/revisions"}],"predecessor-version":[{"id":3079,"href":"https:\/\/origami.maybachufer.art\/de\/wp-json\/wp\/v2\/pages\/3078\/revisions\/3079"}],"up":[{"embeddable":true,"href":"https:\/\/origami.maybachufer.art\/de\/wp-json\/wp\/v2\/pages\/2251"}],"wp:attachment":[{"href":"https:\/\/origami.maybachufer.art\/de\/wp-json\/wp\/v2\/media?parent=3078"}],"curies":[{"name":"wp","href":"https:\/\/api.w.org\/{rel}","templated":true}]}}