{"id":2769,"date":"2022-11-18T21:48:24","date_gmt":"2022-11-18T20:48:24","guid":{"rendered":"https:\/\/origami.maybachufer.art\/wo-zu-kaufen\/weihnachtsmarkt-in-strandbad-wendenschloss-berlin-kopenick\/"},"modified":"2022-11-18T22:12:39","modified_gmt":"2022-11-18T21:12:39","slug":"weihnachtsmarkt-in-strandbad-wendenschloss-berlin-kopenick","status":"publish","type":"page","link":"https:\/\/origami.maybachufer.art\/de\/wo-zu-kaufen\/weihnachtsmarkt-in-strandbad-wendenschloss-berlin-kopenick\/","title":{"rendered":"Weihnachtsmarkt im Strandbad Wendenschloss (Berlin-K\u00f6penick)"},"content":{"rendered":"<div id=\"fb-root\"><\/div>\n\n<div class=\"wp-block-columns is-layout-flex wp-container-core-columns-is-layout-28f84493 wp-block-columns-is-layout-flex\">\n<div class=\"wp-block-column is-layout-flow wp-block-column-is-layout-flow\" style=\"flex-basis:25%\">\n<p class=\"has-text-align-center has-ast-global-color-4-color has-ast-global-color-0-background-color has-text-color has-background\" style=\"font-size:15px\">3, 4, 17, 18 December 2022<br\/>12h &#8211; 20h<\/p>\n<\/div>\n\n\n\n<div class=\"wp-block-column is-vertically-aligned-top is-layout-flow wp-block-column-is-layout-flow\" style=\"flex-basis:75%\">\n<h1 class=\"has-text-align-left wp-block-heading\">Winterzauber<\/h1>\n\n\n\n<p>Origami- und Geschenkest\u00e4nde von Maybachufer.art und <a href=\"https:\/\/origami.maybachufer.art\/de\/wo-zu-kaufen\/\" data-type=\"page\" data-id=\"199\">Bokx<\/a> auf dem Weihnachtsmarkt &#8222;Winterzauber&#8220; im Strandbad Wendenschloss<\/p>\n<\/div>\n<\/div>\n\n<figure class=\"wp-block-image aligncenter size-large\"><img loading=\"lazy\" decoding=\"async\" width=\"1024\" height=\"576\" src=\"https:\/\/origami.maybachufer.art\/wp-content\/uploads\/2022\/11\/winterzauber-1024x576.jpg\" alt=\"\" class=\"wp-image-2771\" srcset=\"https:\/\/origami.maybachufer.art\/wp-content\/uploads\/2022\/11\/winterzauber-1024x576.jpg 1024w, https:\/\/origami.maybachufer.art\/wp-content\/uploads\/2022\/11\/winterzauber-300x169.jpg 300w, https:\/\/origami.maybachufer.art\/wp-content\/uploads\/2022\/11\/winterzauber-768x432.jpg 768w, https:\/\/origami.maybachufer.art\/wp-content\/uploads\/2022\/11\/winterzauber-1536x864.jpg 1536w, https:\/\/origami.maybachufer.art\/wp-content\/uploads\/2022\/11\/winterzauber-400x225.jpg 400w, https:\/\/origami.maybachufer.art\/wp-content\/uploads\/2022\/11\/winterzauber.jpg 2048w\" sizes=\"auto, (max-width: 1024px) 100vw, 1024px\" \/><\/figure>\n<h3 class=\"wp-block-heading\">Viel mehr als ein Weihnachtsmarkt<\/h3>\n\n<p>An jedem Adventswochenende (samstags und sonntags) findet dieses vorweihnachtliche Treffen ab 12:00 Uhr im Strandbad Wendenschloss im Berliner Bezirk Treptow-K\u00f6penik statt. Mehrere Weihnachtsbuden bieten s\u00fc\u00dfe und herzhafte K\u00f6stlichkeiten an. Nat\u00fcrlich d\u00fcrfen auch Gl\u00fchwein und Punsch am Lagerfeuer nicht fehlen. Nicht zu \u00fcbersehen sind die ausgew\u00e4hlten Kunsthandwerksst\u00e4nde, an denen Sie die originellsten Geschenke f\u00fcr die Weihnachtszeit finden k\u00f6nnen. Eisstockschie\u00dfen, Winterspiele, Weihnachtskaraoke, Gl\u00fchweinbootsfahrten und andere Veranstaltungen sorgen f\u00fcr Unterhaltung.<\/p>\n\n<h3 class=\"wp-block-heading\">Ein Stand zum Thema Origami und Papier<\/h3>\n\n<p>F\u00fcr diese Veranstaltung bringen wir eine gro\u00dfe Origami-Sammlung mit Werken von Simon Lulzac (<a href=\"https:\/\/korakami.com\" data-type=\"URL\" data-id=\"https:\/\/korakami.com\" target=\"_blank\" rel=\"noopener\">Kora Kami<\/a>), Nikolai Kohler, Stephanie Niesner (<a href=\"https:\/\/bokx-kreativ.de\" target=\"_blank\" rel=\"noopener\">Bokx<\/a>), Aleksei Hecht (<a href=\"https:\/\/origami.maybachufer.art\/de\/uber-aleksei\/\" data-type=\"page\" data-id=\"86\">Maybachufer.art<\/a>) und Origami-Schmuck von Barbara Massacci (<a href=\"https:\/\/massacci.com\/\" target=\"_blank\" rel=\"noopener\">Massacci.com<\/a>) mit. Sie k\u00f6nnen den Stand von Bokx und Maybachufer.art auf diesem Markt nur am zweiten und vierten Adventswochenende besuchen.<\/p>\n\n<h3 class=\"wp-block-heading\">An einem wahrhaft magischen Ort<\/h3>\n\n<p>Das Strandbad Wendenschloss befindet sich in bester Lage, umgeben von W\u00e4ldern und am Ufer des Langen Sees, mit einem kleinen Strand, einem Biergarten, einem Caf\u00e9 und zwei Veranstaltungsr\u00e4umen. Eine breite Palette von Attraktionen und Leihartikeln ist ebenfalls verf\u00fcgbar. Hausboote, Fl\u00f6\u00dfe, SUP-Boards, Kanus, Tretboote und Ruderboote sowie zwei Volleyballpl\u00e4tze, mehrere Tischtennisplatten und ein Petanque-Platz.<\/p>\n\n<figure class=\"wp-block-image size-large\"><img decoding=\"async\" src=\"https:\/\/cdn.eventinc.de\/provider_pictures\/pictures\/000\/227\/784\/cropped_webp\/eventlocation-strandbad-wendenschloss-berlin.webp?1572337832\" alt=\"\"\/><figcaption class=\"wp-element-caption\">(Bildquelle: <a href=\"https:\/\/www.eventinc.de\/eventlocation\/berlin\/strandbad-wendenschloss\" target=\"_blank\" rel=\"noopener\">https:\/\/www.eventinc.de\/eventlocation\/berlin\/strandbad-wendenschloss<\/a>)<\/figcaption><\/figure>\n<h4 class=\"wp-block-heading\">Standort<\/h4>\n\n<div class=\"wp-block-columns is-layout-flex wp-container-core-columns-is-layout-28f84493 wp-block-columns-is-layout-flex\">\n<div class=\"wp-block-column is-layout-flow wp-block-column-is-layout-flow\">\n<div style=\"min-height:400px\" data-map-attr=\"\/qaddress\/q:\/qStrandbad Wendenschloss\/q||\/qlat\/q:\/qundefined\/q||\/qlng\/q:\/qundefined\/q||\/qskin\/q:\/qstandard\/q||\/qzoom\/q:\/q12\/q||\/qiconSize\/q:\/q36\/q||\/qmapTypeControl\/q:\/qtrue\/q||\/qzoomControl\/q:\/qtrue\/q||\/qstreetViewControl\/q:\/qtrue\/q||\/qfullscreenControl\/q:\/qtrue\/q\" class=\"wp-block-coblocks-map\"><iframe title=\"Google Map\" frameborder=\"0\" style=\"width:100%;min-height:400px\" src=\"https:\/\/www.google.com\/maps?q=Strandbad%20Wendenschloss&amp;output=embed&amp;hl=es-ES&amp;z=12\"><\/iframe><\/div>\n<\/div>\n\n\n\n<div class=\"wp-block-column is-layout-flow wp-block-column-is-layout-flow\">\n<p>M\u00f6llhausenufer 30, 12557 Berlin<\/p>\n\n\n\n<p>Tel: (+49) 030 &#8211; 84 51 89 07<\/p>\n\n\n\n<p>web: <a href=\"https:\/\/strandbad-wendenschloss.berlin\/\" target=\"_blank\" rel=\"noopener\">https:\/\/strandbad-wendenschloss.berlin\/<\/a><\/p>\n<\/div>\n<\/div>\n","protected":false},"excerpt":{"rendered":"<p>3, 4, 17, 18 December 202212h &#8211; 20h Winterzauber Origami- und Geschenkest\u00e4nde von Maybachufer.art und Bokx auf dem Weihnachtsmarkt &#8222;Winterzauber&#8220; im Strandbad Wendenschloss Viel mehr als ein Weihnachtsmarkt An jedem Adventswochenende (samstags und sonntags) findet dieses vorweihnachtliche Treffen ab 12:00 Uhr im Strandbad Wendenschloss im Berliner Bezirk Treptow-K\u00f6penik statt. Mehrere Weihnachtsbuden bieten s\u00fc\u00dfe und herzhafte [&hellip;]<\/p>\n","protected":false},"author":1,"featured_media":0,"parent":2247,"menu_order":0,"comment_status":"closed","ping_status":"closed","template":"","meta":{"_coblocks_attr":"","_coblocks_dimensions":"","_coblocks_responsive_height":"","_coblocks_accordion_ie_support":"","_uag_custom_page_level_css":"","site-sidebar-layout":"default","site-content-layout":"","ast-site-content-layout":"default","site-content-style":"default","site-sidebar-style":"default","ast-global-header-display":"","ast-banner-title-visibility":"","ast-main-header-display":"","ast-hfb-above-header-display":"","ast-hfb-below-header-display":"","ast-hfb-mobile-header-display":"","site-post-title":"","ast-breadcrumbs-content":"","ast-featured-img":"","footer-sml-layout":"","theme-transparent-header-meta":"","adv-header-id-meta":"","stick-header-meta":"","header-above-stick-meta":"","header-main-stick-meta":"","header-below-stick-meta":"","astra-migrate-meta-layouts":"default","ast-page-background-enabled":"default","ast-page-background-meta":{"desktop":{"background-color":"var(--ast-global-color-4)","background-image":"","background-repeat":"repeat","background-position":"center center","background-size":"auto","background-attachment":"scroll","background-type":"","background-media":"","overlay-type":"","overlay-color":"","overlay-opacity":"","overlay-gradient":""},"tablet":{"background-color":"","background-image":"","background-repeat":"repeat","background-position":"center center","background-size":"auto","background-attachment":"scroll","background-type":"","background-media":"","overlay-type":"","overlay-color":"","overlay-opacity":"","overlay-gradient":""},"mobile":{"background-color":"","background-image":"","background-repeat":"repeat","background-position":"center center","background-size":"auto","background-attachment":"scroll","background-type":"","background-media":"","overlay-type":"","overlay-color":"","overlay-opacity":"","overlay-gradient":""}},"ast-content-background-meta":{"desktop":{"background-color":"var(--ast-global-color-5)","background-image":"","background-repeat":"repeat","background-position":"center center","background-size":"auto","background-attachment":"scroll","background-type":"","background-media":"","overlay-type":"","overlay-color":"","overlay-opacity":"","overlay-gradient":""},"tablet":{"background-color":"var(--ast-global-color-5)","background-image":"","background-repeat":"repeat","background-position":"center center","background-size":"auto","background-attachment":"scroll","background-type":"","background-media":"","overlay-type":"","overlay-color":"","overlay-opacity":"","overlay-gradient":""},"mobile":{"background-color":"var(--ast-global-color-5)","background-image":"","background-repeat":"repeat","background-position":"center center","background-size":"auto","background-attachment":"scroll","background-type":"","background-media":"","overlay-type":"","overlay-color":"","overlay-opacity":"","overlay-gradient":""}},"footnotes":""},"class_list":["post-2769","page","type-page","status-publish","hentry"],"uagb_featured_image_src":{"full":false,"thumbnail":false,"medium":false,"medium_large":false,"large":false,"thumblist":false,"thumbrelated":false,"meccarouselthumb":false,"gridsquare":false,"tileview":false,"1536x1536":false,"2048x2048":false,"woocommerce_thumbnail":false,"woocommerce_single":false,"woocommerce_gallery_thumbnail":false},"uagb_author_info":{"display_name":"Rivero Mendoza","author_link":"https:\/\/origami.maybachufer.art\/de\/author\/aleksei\/"},"uagb_comment_info":0,"uagb_excerpt":"3, 4, 17, 18 December 202212h &#8211; 20h Winterzauber Origami- und Geschenkest\u00e4nde von Maybachufer.art und Bokx auf dem Weihnachtsmarkt &#8222;Winterzauber&#8220; im Strandbad Wendenschloss Viel mehr als ein Weihnachtsmarkt An jedem Adventswochenende (samstags und sonntags) findet dieses vorweihnachtliche Treffen ab 12:00 Uhr im Strandbad Wendenschloss im Berliner Bezirk Treptow-K\u00f6penik statt. Mehrere Weihnachtsbuden bieten s\u00fc\u00dfe und herzhafte&hellip;","_links":{"self":[{"href":"https:\/\/origami.maybachufer.art\/de\/wp-json\/wp\/v2\/pages\/2769","targetHints":{"allow":["GET"]}}],"collection":[{"href":"https:\/\/origami.maybachufer.art\/de\/wp-json\/wp\/v2\/pages"}],"about":[{"href":"https:\/\/origami.maybachufer.art\/de\/wp-json\/wp\/v2\/types\/page"}],"author":[{"embeddable":true,"href":"https:\/\/origami.maybachufer.art\/de\/wp-json\/wp\/v2\/users\/1"}],"replies":[{"embeddable":true,"href":"https:\/\/origami.maybachufer.art\/de\/wp-json\/wp\/v2\/comments?post=2769"}],"version-history":[{"count":3,"href":"https:\/\/origami.maybachufer.art\/de\/wp-json\/wp\/v2\/pages\/2769\/revisions"}],"predecessor-version":[{"id":2788,"href":"https:\/\/origami.maybachufer.art\/de\/wp-json\/wp\/v2\/pages\/2769\/revisions\/2788"}],"up":[{"embeddable":true,"href":"https:\/\/origami.maybachufer.art\/de\/wp-json\/wp\/v2\/pages\/2247"}],"wp:attachment":[{"href":"https:\/\/origami.maybachufer.art\/de\/wp-json\/wp\/v2\/media?parent=2769"}],"curies":[{"name":"wp","href":"https:\/\/api.w.org\/{rel}","templated":true}]}}