{"id":2918,"date":"2022-10-18T16:18:17","date_gmt":"2022-11-20T07:54:10","guid":{"rendered":"https:\/\/origami.maybachufer.art\/catalogo\/paper-carta-varese-100-gr-m%c2%b2-quadrat-gran-50-cm%c2%b2\/"},"modified":"2022-11-20T08:54:10","modified_gmt":"2022-11-20T07:54:10","slug":"paper-carta-varese-100-gr-m%c2%b2-quadrat-gran-50-cm%c2%b2","status":"publish","type":"product","link":"https:\/\/origami.maybachufer.art\/ca\/cataleg\/paper-carta-varese-100-gr-m%c2%b2-quadrat-gran-50-cm%c2%b2\/","title":{"rendered":"Papel Carta Varese &#8211; 100 gr\/m\u00b2 &#8211; Cuadrado mediano 18,5 cm\u00b2"},"content":{"rendered":"<div id=\"fb-root\"><\/div>\n<p>Paper tradicional itali\u00e0 impr\u00e8s en \u00f2fset.<br \/>\nQuadrat tallat manualment amb guillotina.<br \/>\nGrand\u00e0ria aproximada: 18,5 cm\u00b2<br \/>\nDensitat: 100 gr\/m\u00b2<\/p>\n","protected":false},"excerpt":{"rendered":"<p>Paper tradicional itali\u00e0 impr\u00e8s en \u00f2fset. Quadrat tallat manualment amb guillotina. Grand\u00e0ria aproximada: 18,5 cm\u00b2 Densitat: 100 gr\/m\u00b2<\/p>\n","protected":false},"featured_media":2759,"template":"","meta":{"_coblocks_attr":"","_coblocks_dimensions":"","_coblocks_responsive_height":"","_coblocks_accordion_ie_support":"","_uag_custom_page_level_css":"","site-sidebar-layout":"default","site-content-layout":"default","ast-site-content-layout":"default","site-content-style":"default","site-sidebar-style":"default","ast-global-header-display":"","ast-banner-title-visibility":"","ast-main-header-display":"","ast-hfb-above-header-display":"","ast-hfb-below-header-display":"","ast-hfb-mobile-header-display":"","site-post-title":"","ast-breadcrumbs-content":"","ast-featured-img":"","footer-sml-layout":"","theme-transparent-header-meta":"default","adv-header-id-meta":"","stick-header-meta":"","header-above-stick-meta":"","header-main-stick-meta":"","header-below-stick-meta":"","astra-migrate-meta-layouts":"default","ast-page-background-enabled":"default","ast-page-background-meta":{"desktop":{"background-color":"var(--ast-global-color-4)","background-image":"","background-repeat":"repeat","background-position":"center center","background-size":"auto","background-attachment":"scroll","background-type":"","background-media":"","overlay-type":"","overlay-color":"","overlay-opacity":"","overlay-gradient":""},"tablet":{"background-color":"","background-image":"","background-repeat":"repeat","background-position":"center center","background-size":"auto","background-attachment":"scroll","background-type":"","background-media":"","overlay-type":"","overlay-color":"","overlay-opacity":"","overlay-gradient":""},"mobile":{"background-color":"","background-image":"","background-repeat":"repeat","background-position":"center center","background-size":"auto","background-attachment":"scroll","background-type":"","background-media":"","overlay-type":"","overlay-color":"","overlay-opacity":"","overlay-gradient":""}},"ast-content-background-meta":{"desktop":{"background-color":"var(--ast-global-color-5)","background-image":"","background-repeat":"repeat","background-position":"center center","background-size":"auto","background-attachment":"scroll","background-type":"","background-media":"","overlay-type":"","overlay-color":"","overlay-opacity":"","overlay-gradient":""},"tablet":{"background-color":"var(--ast-global-color-5)","background-image":"","background-repeat":"repeat","background-position":"center center","background-size":"auto","background-attachment":"scroll","background-type":"","background-media":"","overlay-type":"","overlay-color":"","overlay-opacity":"","overlay-gradient":""},"mobile":{"background-color":"var(--ast-global-color-5)","background-image":"","background-repeat":"repeat","background-position":"center center","background-size":"auto","background-attachment":"scroll","background-type":"","background-media":"","overlay-type":"","overlay-color":"","overlay-opacity":"","overlay-gradient":""}}},"product_brand":[],"product_cat":[228],"product_tag":[],"class_list":{"0":"post-2918","1":"product","2":"type-product","3":"status-publish","4":"has-post-thumbnail","6":"product_cat-carta-varese-ca","7":"pa_disenos-varese-arbust-en-flor-taronja-blau","8":"pa_disenos-varese-branca-dolivera-violeta","9":"pa_disenos-varese-flors-blau","10":"pa_disenos-varese-flors-de-julia","11":"pa_disenos-varese-flors-verda","12":"pa_disenos-varese-mitjallunes-vermell-blau","13":"pa_disenos-varese-pany-de-roses-blau","14":"pa_disenos-varese-pany-de-roses-rosa","15":"pa_disenos-varese-prat-destiu","16":"pa_disenos-varese-quadrats-linies-blaves","17":"pa_disenos-varese-quadrats-linies-verda","18":"pa_disenos-varese-quadrats-linies-vermell","19":"desktop-align-left","20":"tablet-align-left","21":"mobile-align-left","22":"ast-product-gallery-layout-vertical-slider","23":"ast-product-gallery-with-no-image","24":"ast-product-single-variable","25":"ast-product-tabs-layout-horizontal","27":"first","28":"instock","29":"shipping-taxable","30":"purchasable","31":"product-type-variable"},"uagb_featured_image_src":{"full":["https:\/\/origami.maybachufer.art\/wp-content\/uploads\/2022\/10\/IMG_20221118_144432.jpg",1000,1000,false],"thumbnail":["https:\/\/origami.maybachufer.art\/wp-content\/uploads\/2022\/10\/IMG_20221118_144432-150x150.jpg",150,150,true],"medium":["https:\/\/origami.maybachufer.art\/wp-content\/uploads\/2022\/10\/IMG_20221118_144432-300x300.jpg",300,300,true],"medium_large":["https:\/\/origami.maybachufer.art\/wp-content\/uploads\/2022\/10\/IMG_20221118_144432-768x768.jpg",768,768,true],"large":["https:\/\/origami.maybachufer.art\/wp-content\/uploads\/2022\/10\/IMG_20221118_144432.jpg",1000,1000,false],"thumblist":["https:\/\/origami.maybachufer.art\/wp-content\/uploads\/2022\/10\/IMG_20221118_144432.jpg",300,300,false],"thumbrelated":["https:\/\/origami.maybachufer.art\/wp-content\/uploads\/2022\/10\/IMG_20221118_144432.jpg",500,500,false],"meccarouselthumb":["https:\/\/origami.maybachufer.art\/wp-content\/uploads\/2022\/10\/IMG_20221118_144432.jpg",324,324,false],"gridsquare":["https:\/\/origami.maybachufer.art\/wp-content\/uploads\/2022\/10\/IMG_20221118_144432.jpg",260,260,false],"tileview":["https:\/\/origami.maybachufer.art\/wp-content\/uploads\/2022\/10\/IMG_20221118_144432.jpg",300,300,false],"1536x1536":["https:\/\/origami.maybachufer.art\/wp-content\/uploads\/2022\/10\/IMG_20221118_144432.jpg",1000,1000,false],"2048x2048":["https:\/\/origami.maybachufer.art\/wp-content\/uploads\/2022\/10\/IMG_20221118_144432.jpg",1000,1000,false],"woocommerce_thumbnail":["https:\/\/origami.maybachufer.art\/wp-content\/uploads\/2022\/10\/IMG_20221118_144432-250x250.jpg",250,250,true],"woocommerce_single":["https:\/\/origami.maybachufer.art\/wp-content\/uploads\/2022\/10\/IMG_20221118_144432-400x400.jpg",400,400,true],"woocommerce_gallery_thumbnail":["https:\/\/origami.maybachufer.art\/wp-content\/uploads\/2022\/10\/IMG_20221118_144432-100x100.jpg",100,100,true]},"uagb_author_info":{"display_name":"Rivero Mendoza","author_link":"https:\/\/origami.maybachufer.art\/ca\/author\/"},"uagb_comment_info":0,"uagb_excerpt":"Paper tradicional itali\u00e0 impr\u00e8s en \u00f2fset. Quadrat tallat manualment amb guillotina. Grand\u00e0ria aproximada: 18,5 cm\u00b2 Densitat: 100 gr\/m\u00b2","_links":{"self":[{"href":"https:\/\/origami.maybachufer.art\/ca\/wp-json\/wp\/v2\/product\/2918","targetHints":{"allow":["GET"]}}],"collection":[{"href":"https:\/\/origami.maybachufer.art\/ca\/wp-json\/wp\/v2\/product"}],"about":[{"href":"https:\/\/origami.maybachufer.art\/ca\/wp-json\/wp\/v2\/types\/product"}],"wp:featuredmedia":[{"embeddable":true,"href":"https:\/\/origami.maybachufer.art\/ca\/wp-json\/wp\/v2\/media\/2759"}],"wp:attachment":[{"href":"https:\/\/origami.maybachufer.art\/ca\/wp-json\/wp\/v2\/media?parent=2918"}],"wp:term":[{"taxonomy":"product_brand","embeddable":true,"href":"https:\/\/origami.maybachufer.art\/ca\/wp-json\/wp\/v2\/product_brand?post=2918"},{"taxonomy":"product_cat","embeddable":true,"href":"https:\/\/origami.maybachufer.art\/ca\/wp-json\/wp\/v2\/product_cat?post=2918"},{"taxonomy":"product_tag","embeddable":true,"href":"https:\/\/origami.maybachufer.art\/ca\/wp-json\/wp\/v2\/product_tag?post=2918"}],"curies":[{"name":"wp","href":"https:\/\/api.w.org\/{rel}","templated":true}]}}