{"id":4431,"date":"2023-09-26T15:05:30","date_gmt":"2023-09-26T13:05:30","guid":{"rendered":"https:\/\/origami.maybachufer.art\/sobre-aleksei-2\/"},"modified":"2024-06-17T13:56:25","modified_gmt":"2024-06-17T11:56:25","slug":"sobre-aleksei","status":"publish","type":"page","link":"https:\/\/origami.maybachufer.art\/ca\/sobre-aleksei\/","title":{"rendered":"Sobre Mi"},"content":{"rendered":"<div id=\"fb-root\"><\/div>\n\n<div class=\"wp-block-uagb-container uagb-block-713a9976 alignfull uagb-is-root-container\"><div class=\"uagb-container-inner-blocks-wrap\">\n<div class=\"wp-block-uagb-container uagb-block-2a2c5fce\">\n<div class=\"wp-block-uagb-container wp-embed-aspect-4-3 wp-has-aspect-ratio uagb-block-a1d72886\">\n<div class=\"wp-block-uagb-container uagb-block-1be1f874\"><\/div>\n\n\n\n<div class=\"wp-block-uagb-container uagb-block-a5db75eb\">\n<div class=\"wp-block-uagb-advanced-heading uagb-block-069adba0\"><h1 class=\"uagb-heading-text\">Origami: Un Viatge Creatiu<\/h1><\/div>\n\n\n\n<p>La meva hist\u00f2ria com a artista d&#8217;origami ha estat un viatge emocionant ple de descobriments i expressions art\u00edstiques. Des de la meva arribada a Berl\u00edn des de Barcelona, on vaig tancar la meva antiga empresa de serveis tecnol\u00f2gics, la meva vida va prendre un gir sorprenent cap al m\u00f3n de l&#8217;origami.<\/p>\n<\/div>\n<\/div>\n\n\n\n<div class=\"wp-block-uagb-container wp-embed-aspect-4-3 wp-has-aspect-ratio uagb-block-afeb26db\">\n<div class=\"wp-block-uagb-container uagb-block-08aa36e3\">\n<div class=\"wp-block-uagb-advanced-heading uagb-block-5cd185e9\"><h1 class=\"uagb-heading-text\">Art Itinerant<\/h1><\/div>\n\n\n\n<p>Des del 2017 fins a l&#8217;actualitat, he estat immers en la creaci\u00f3 d&#8217;una instal\u00b7laci\u00f3 d&#8217;art itinerant que ha trobat el seu lloc en una varietat de llocs poc convencionals i emocionants. He presentat les meves obres en parcs, carrers, mercats, galeries, biblioteques, caf\u00e8s, clubs i bars, portant l&#8217;art de l&#8217;origami a nous p\u00fablics i entorns. Aquesta ha estat la meva activitat principal durant aquest per\u00edode, i he experimentat una gran satisfacci\u00f3 en veure com el paper es converteix en una expressi\u00f3 viva i ef\u00edmera de l&#8217;art.<\/p>\n<\/div>\n\n\n\n<div class=\"wp-block-uagb-container uagb-block-043e56ea\">\n<div class=\"wp-block-uagb-image uagb-block-9b1fbebe wp-block-uagb-image--layout-default wp-block-uagb-image--effect-static wp-block-uagb-image--align-none\"><figure class=\"wp-block-uagb-image__figure\"><a class=\"\" href=\"https:\/\/origami.maybachufer.art\/wp-content\/uploads\/2023\/09\/maybachufer-origami-collection-e1695072211908.jpeg\" target=\"\" rel=\"noopener\"><img decoding=\"async\" srcset=\"https:\/\/origami.maybachufer.art\/wp-content\/uploads\/2023\/09\/maybachufer-origami-collection-e1695072211908-1024x577.jpeg  \" sizes=\"auto, (max-width: 480px) 150px\" src=\"https:\/\/origami.maybachufer.art\/wp-content\/uploads\/2023\/09\/maybachufer-origami-collection-e1695072211908-1024x577.jpeg\" alt=\"\" class=\"uag-image-4005\" width=\"1024\" height=\"577\" title=\"\" loading=\"lazy\" role=\"img\"><\/a><\/figure><\/div>\n\n\n\n<div class=\"wp-block-uagb-image uagb-block-c1d2027f wp-block-uagb-image--layout-default wp-block-uagb-image--effect-static wp-block-uagb-image--align-none\"><figure class=\"wp-block-uagb-image__figure\"><img decoding=\"async\" srcset=\"https:\/\/origami.maybachufer.art\/wp-content\/uploads\/2022\/10\/wp-1666084172146-1024x512.jpg  \" sizes=\"auto, (max-width: 480px) 150px\" src=\"https:\/\/origami.maybachufer.art\/wp-content\/uploads\/2022\/10\/wp-1666084172146-1024x512.jpg\" alt=\"\" class=\"uag-image-2008\" width=\"1024\" height=\"577\" title=\"\" loading=\"lazy\" role=\"img\"><\/figure><\/div>\n\n\n\n<div class=\"wp-block-uagb-image uagb-block-23460633 wp-block-uagb-image--layout-default wp-block-uagb-image--effect-static wp-block-uagb-image--align-none\"><figure class=\"wp-block-uagb-image__figure\"><img decoding=\"async\" srcset=\"https:\/\/origami.maybachufer.art\/wp-content\/uploads\/2022\/01\/IMG_20190609_172045-scaled.jpg  \" sizes=\"auto, (max-width: 480px) 150px\" src=\"https:\/\/origami.maybachufer.art\/wp-content\/uploads\/2022\/01\/IMG_20190609_172045-scaled.jpg\" alt=\"\" class=\"uag-image-309\" width=\"1024\" height=\"577\" title=\"\" loading=\"lazy\" role=\"img\"><\/figure><\/div>\n<\/div>\n<\/div>\n\n\n\n<div class=\"wp-block-uagb-container wp-embed-aspect-4-3 wp-has-aspect-ratio uagb-block-cd10c926\">\n<div class=\"wp-block-uagb-container uagb-block-c6202efb\"><\/div>\n\n\n\n<div class=\"wp-block-uagb-container uagb-block-140ce2fd\">\n<div class=\"wp-block-uagb-advanced-heading uagb-block-09d83403\"><h1 class=\"uagb-heading-text\">Tallers<\/h1><\/div>\n\n\n\n<p>La meva jornada com a tallerista d&#8217;origami va comen\u00e7ar a prendre forma a l&#8217;estiu de 2013, i des de llavors, he compartit la meva passi\u00f3 per l&#8217;origami a trav\u00e9s de nombrosos tallers. Durant aquests anys, he tingut el plaer de col\u00b7laborar amb institucions com el centre c\u00edvic Barceloneta i l&#8217;empresa British Summer, amb la qual vaig mantenir una estreta col\u00b7laboraci\u00f3 entre 2014 i 2016. El 2023 celebro una d\u00e8cada com a tallerista d&#8217;origami, i cada experi\u00e8ncia ha estat una oportunitat per inspirar altres a descobrir la m\u00e0gia del paper.<\/p>\n<\/div>\n<\/div>\n\n\n\n<div class=\"wp-block-uagb-container wp-embed-aspect-4-3 wp-has-aspect-ratio uagb-block-3e1cbead\">\n<div class=\"wp-block-uagb-container uagb-block-5c35c0ee\">\n<div class=\"wp-block-uagb-advanced-heading uagb-block-65273afa\"><h1 class=\"uagb-heading-text\">Arts Esc\u00e8niques<\/h1><\/div>\n\n\n\n<p>Entre 2013 i 2014, vaig explorar la intersecci\u00f3 entre les arts esc\u00e8niques i l&#8217;origami en una obra titulada &#8220;Orimagus&#8221;. Aquesta producci\u00f3 \u00fanica va combinar el m\u00f3n de l&#8217;origami amb la dansa, la m\u00fasica i el teatre, creant un espectacle que va portar els espectadors a un viatge pedag\u00f2gic a trav\u00e9s de llocs, an\u00e8cdotes i personatges relacionats amb l&#8217;univers de l&#8217;origami i el paper.<\/p>\n<\/div>\n\n\n\n<div class=\"wp-block-uagb-container uagb-block-4afcce2a\"><\/div>\n<\/div>\n\n\n\n<div class=\"wp-block-uagb-container wp-embed-aspect-4-3 wp-has-aspect-ratio uagb-block-e4e70759\">\n<div class=\"wp-block-uagb-container uagb-block-6359cd08\">\n<figure class=\"wp-block-embed is-type-video is-provider-youtube wp-block-embed-youtube wp-embed-aspect-4-3 wp-has-aspect-ratio\" style=\"margin-top:0;margin-right:0;margin-bottom:0;margin-left:0\"><div class=\"wp-block-embed__wrapper\">\n<iframe loading=\"lazy\" title=\"Aleksei&#039;s Paper\" width=\"500\" height=\"375\" src=\"https:\/\/www.youtube.com\/embed\/Qtml0jC7Q3A?feature=oembed\" frameborder=\"0\" allow=\"accelerometer; autoplay; clipboard-write; encrypted-media; gyroscope; picture-in-picture; web-share\" referrerpolicy=\"strict-origin-when-cross-origin\" allowfullscreen><\/iframe>\n<\/div><\/figure>\n<\/div>\n\n\n\n<div class=\"wp-block-uagb-container uagb-block-05944baa\">\n<div class=\"wp-block-uagb-advanced-heading uagb-block-a7533760 wp-embed-aspect-4-3 wp-has-aspect-ratio\"><h2 class=\"uagb-heading-text\">Reportatge (en angl\u00e8s) realitzat a Berl\u00edn per Andrew Ballantyne al desembre de 2020<\/h2><\/div>\n<\/div>\n<\/div>\n\n\n\n<div class=\"wp-block-uagb-container wp-embed-aspect-4-3 wp-has-aspect-ratio uagb-block-75e582e2\">\n<div class=\"wp-block-uagb-container uagb-block-ce5de1f2\">\n<div class=\"wp-block-uagb-advanced-heading uagb-block-c9cdb331\"><h2 class=\"uagb-heading-text\">Reportatge (en espanyol) realitzat a Yucat\u00e1n per Reporteros Hoy al febrer de 2019<\/h2><\/div>\n<\/div>\n\n\n\n<div class=\"wp-block-uagb-container uagb-block-e1bcf553\"><!-- Embedded with Magic Embeds - https:\/\/magicembeds.com --><div class=\"wef-measure\" style=\"max-width: 1000px;\"><\/div><div class=\"fb-video\" data-href=\"https:\/\/www.facebook.com\/reporteroshoy\/videos\/413014166121796\" data-allowfullscreen=\"false\" data-autoplay=\"false\" data-width=\"1000\" data-show-text=\"false\" data-show-captions=\"true\"><\/div>\n<\/div>\n<\/div>\n<\/div>\n<\/div><\/div>\n\n<div class=\"wp-block-uagb-container uagb-block-5a1a1418 alignfull uagb-is-root-container\"><div class=\"uagb-container-inner-blocks-wrap\">\n<div class=\"wp-block-uagb-container uagb-block-f26055c9\">\n<div class=\"wp-block-uagb-advanced-heading uagb-block-4e2c1b5f\"><h2 class=\"uagb-heading-text\">Piano Rivero<\/h2><p class=\"uagb-desc-text\">Can\u00e7ons d&#8217;Espanya i Am\u00e8rica Llatina<\/p><\/div>\n\n\n\n<p>Des de juny de 2020 tamb\u00e9 toco el piano regularment i he creat un lloc web per compartir les meves interpretacions al piano amb familiars i amics. Et convido a visitar <a href=\"https:\/\/pianorivero.art\/\" target=\"_blank\" rel=\"noreferrer noopener\">pianorivero.art<\/a>.<\/p>\n<\/div>\n<\/div><\/div>\n\n<div class=\"wp-block-uagb-container uagb-block-341ccb3d alignfull uagb-is-root-container\"><div class=\"uagb-container-inner-blocks-wrap\">\n<div class=\"wp-block-uagb-advanced-heading uagb-block-3cd94222\"><h2 class=\"uagb-heading-text\">Consultor Tecnol\u00f2gic<\/h2><\/div>\n\n\n\n<p>Com a consultor tecnol\u00f2gic amb gaireb\u00e9 30 anys d&#8217;experi\u00e8ncia, he decidit combinar la meva passi\u00f3 per la tecnologia amb la meva dedicaci\u00f3 a l&#8217;art de l&#8217;origami. He fundat Rivero Digital, una empresa especialitzada en la creaci\u00f3 de llocs web multiling\u00fces. Amb seu a La Palma, Illes Can\u00e0ries, i l&#8217;ambici\u00f3 d&#8217;ampliar els nostres serveis al llarg de l&#8217;eix Tenerife-Barcelona-Berl\u00edn, estem aqu\u00ed per ajudar-te a portar la teva pres\u00e8ncia en l\u00ednia al seg\u00fcent nivell. Visita <a href=\"https:\/\/rivero-digital.com\/\" target=\"_blank\" rel=\"noopener\">Rivero-Digital.com<\/a> per con\u00e8ixer m\u00e9s sobre els nostres serveis i com podem ajudar-te a prosperar en el m\u00f3n digital.<\/p>\n\n\n\n<div class=\"wp-block-uagb-image uagb-block-bcd74432 wp-block-uagb-image--layout-default wp-block-uagb-image--effect-static wp-block-uagb-image--align-none\"><figure class=\"wp-block-uagb-image__figure\"><a class=\"\" href=\"https:\/\/rivero-digital.com\/\" target=\"_blank\" rel=\"noreferrer noopener\"><img decoding=\"async\"  sizes=\"auto, (max-width: 480px) 150px\" src=\"https:\/\/rivero-digital.com\/wp-content\/uploads\/2023\/08\/ES-Habla-el-idioma-de-tus-clientes.png\" alt=\"\" width=\"1000\" height=\"630\" title=\"\" loading=\"lazy\" role=\"img\"><\/a><\/figure><\/div>\n<\/div><\/div>\n","protected":false},"excerpt":{"rendered":"<p>Origami: Un Viatge Creatiu La meva hist\u00f2ria com a artista d&#8217;origami ha estat un viatge emocionant ple de descobriments i expressions art\u00edstiques. Des de la meva arribada a Berl\u00edn des de Barcelona, on vaig tancar la meva antiga empresa de serveis tecnol\u00f2gics, la meva vida va prendre un gir sorprenent cap al m\u00f3n de l&#8217;origami. [&hellip;]<\/p>\n","protected":false},"author":1,"featured_media":3916,"parent":0,"menu_order":50,"comment_status":"closed","ping_status":"closed","template":"","meta":{"_coblocks_attr":"","_coblocks_dimensions":"","_coblocks_responsive_height":"","_coblocks_accordion_ie_support":"","_uag_custom_page_level_css":"","site-sidebar-layout":"default","site-content-layout":"","ast-site-content-layout":"full-width-container","site-content-style":"default","site-sidebar-style":"default","ast-global-header-display":"","ast-banner-title-visibility":"","ast-main-header-display":"","ast-hfb-above-header-display":"","ast-hfb-below-header-display":"","ast-hfb-mobile-header-display":"","site-post-title":"disabled","ast-breadcrumbs-content":"","ast-featured-img":"disabled","footer-sml-layout":"","theme-transparent-header-meta":"","adv-header-id-meta":"","stick-header-meta":"","header-above-stick-meta":"","header-main-stick-meta":"","header-below-stick-meta":"","astra-migrate-meta-layouts":"default","ast-page-background-enabled":"default","ast-page-background-meta":{"desktop":{"background-color":"var(--ast-global-color-4)","background-image":"","background-repeat":"repeat","background-position":"center center","background-size":"auto","background-attachment":"scroll","background-type":"","background-media":"","overlay-type":"","overlay-color":"","overlay-opacity":"","overlay-gradient":""},"tablet":{"background-color":"","background-image":"","background-repeat":"repeat","background-position":"center center","background-size":"auto","background-attachment":"scroll","background-type":"","background-media":"","overlay-type":"","overlay-color":"","overlay-opacity":"","overlay-gradient":""},"mobile":{"background-color":"","background-image":"","background-repeat":"repeat","background-position":"center center","background-size":"auto","background-attachment":"scroll","background-type":"","background-media":"","overlay-type":"","overlay-color":"","overlay-opacity":"","overlay-gradient":""}},"ast-content-background-meta":{"desktop":{"background-color":"var(--ast-global-color-5)","background-image":"","background-repeat":"repeat","background-position":"center center","background-size":"auto","background-attachment":"scroll","background-type":"","background-media":"","overlay-type":"","overlay-color":"","overlay-opacity":"","overlay-gradient":""},"tablet":{"background-color":"var(--ast-global-color-5)","background-image":"","background-repeat":"repeat","background-position":"center center","background-size":"auto","background-attachment":"scroll","background-type":"","background-media":"","overlay-type":"","overlay-color":"","overlay-opacity":"","overlay-gradient":""},"mobile":{"background-color":"var(--ast-global-color-5)","background-image":"","background-repeat":"repeat","background-position":"center center","background-size":"auto","background-attachment":"scroll","background-type":"","background-media":"","overlay-type":"","overlay-color":"","overlay-opacity":"","overlay-gradient":""}},"footnotes":""},"class_list":["post-4431","page","type-page","status-publish","has-post-thumbnail","hentry"],"uagb_featured_image_src":{"full":["https:\/\/origami.maybachufer.art\/wp-content\/uploads\/2023\/09\/Aleksei-foto-luca_strano1.jpg",960,806,false],"thumbnail":["https:\/\/origami.maybachufer.art\/wp-content\/uploads\/2023\/09\/Aleksei-foto-luca_strano1-150x150.jpg",150,150,true],"medium":["https:\/\/origami.maybachufer.art\/wp-content\/uploads\/2023\/09\/Aleksei-foto-luca_strano1-300x252.jpg",300,252,true],"medium_large":["https:\/\/origami.maybachufer.art\/wp-content\/uploads\/2023\/09\/Aleksei-foto-luca_strano1-768x645.jpg",768,645,true],"large":["https:\/\/origami.maybachufer.art\/wp-content\/uploads\/2023\/09\/Aleksei-foto-luca_strano1.jpg",960,806,false],"thumblist":["https:\/\/origami.maybachufer.art\/wp-content\/uploads\/2023\/09\/Aleksei-foto-luca_strano1.jpg",300,252,false],"thumbrelated":["https:\/\/origami.maybachufer.art\/wp-content\/uploads\/2023\/09\/Aleksei-foto-luca_strano1.jpg",500,420,false],"meccarouselthumb":["https:\/\/origami.maybachufer.art\/wp-content\/uploads\/2023\/09\/Aleksei-foto-luca_strano1.jpg",386,324,false],"gridsquare":["https:\/\/origami.maybachufer.art\/wp-content\/uploads\/2023\/09\/Aleksei-foto-luca_strano1.jpg",310,260,false],"tileview":["https:\/\/origami.maybachufer.art\/wp-content\/uploads\/2023\/09\/Aleksei-foto-luca_strano1.jpg",300,252,false],"1536x1536":["https:\/\/origami.maybachufer.art\/wp-content\/uploads\/2023\/09\/Aleksei-foto-luca_strano1.jpg",960,806,false],"2048x2048":["https:\/\/origami.maybachufer.art\/wp-content\/uploads\/2023\/09\/Aleksei-foto-luca_strano1.jpg",960,806,false],"woocommerce_thumbnail":["https:\/\/origami.maybachufer.art\/wp-content\/uploads\/2023\/09\/Aleksei-foto-luca_strano1-250x250.jpg",250,250,true],"woocommerce_single":["https:\/\/origami.maybachufer.art\/wp-content\/uploads\/2023\/09\/Aleksei-foto-luca_strano1-400x336.jpg",400,336,true],"woocommerce_gallery_thumbnail":["https:\/\/origami.maybachufer.art\/wp-content\/uploads\/2023\/09\/Aleksei-foto-luca_strano1-100x100.jpg",100,100,true]},"uagb_author_info":{"display_name":"Rivero Mendoza","author_link":"https:\/\/origami.maybachufer.art\/ca\/author\/aleksei\/"},"uagb_comment_info":0,"uagb_excerpt":"Origami: Un Viatge Creatiu La meva hist\u00f2ria com a artista d&#8217;origami ha estat un viatge emocionant ple de descobriments i expressions art\u00edstiques. Des de la meva arribada a Berl\u00edn des de Barcelona, on vaig tancar la meva antiga empresa de serveis tecnol\u00f2gics, la meva vida va prendre un gir sorprenent cap al m\u00f3n de l&#8217;origami.&hellip;","_links":{"self":[{"href":"https:\/\/origami.maybachufer.art\/ca\/wp-json\/wp\/v2\/pages\/4431","targetHints":{"allow":["GET"]}}],"collection":[{"href":"https:\/\/origami.maybachufer.art\/ca\/wp-json\/wp\/v2\/pages"}],"about":[{"href":"https:\/\/origami.maybachufer.art\/ca\/wp-json\/wp\/v2\/types\/page"}],"author":[{"embeddable":true,"href":"https:\/\/origami.maybachufer.art\/ca\/wp-json\/wp\/v2\/users\/1"}],"replies":[{"embeddable":true,"href":"https:\/\/origami.maybachufer.art\/ca\/wp-json\/wp\/v2\/comments?post=4431"}],"version-history":[{"count":8,"href":"https:\/\/origami.maybachufer.art\/ca\/wp-json\/wp\/v2\/pages\/4431\/revisions"}],"predecessor-version":[{"id":5200,"href":"https:\/\/origami.maybachufer.art\/ca\/wp-json\/wp\/v2\/pages\/4431\/revisions\/5200"}],"wp:featuredmedia":[{"embeddable":true,"href":"https:\/\/origami.maybachufer.art\/ca\/wp-json\/wp\/v2\/media\/3916"}],"wp:attachment":[{"href":"https:\/\/origami.maybachufer.art\/ca\/wp-json\/wp\/v2\/media?parent=4431"}],"curies":[{"name":"wp","href":"https:\/\/api.w.org\/{rel}","templated":true}]}}