{"id":437,"date":"2022-01-16T13:25:09","date_gmt":"2022-01-16T12:25:09","guid":{"rendered":"https:\/\/origami.maybachufer.art\/on-comprar\/"},"modified":"2025-12-15T18:30:11","modified_gmt":"2025-12-15T17:30:11","slug":"on-comprar","status":"publish","type":"page","link":"https:\/\/origami.maybachufer.art\/ca\/on-comprar\/","title":{"rendered":"On comprar?"},"content":{"rendered":"<div id=\"fb-root\"><\/div>\n\n<div class=\"wp-block-coblocks-hero alignfull coblocks-hero-918161223717\"><div class=\"wp-block-coblocks-hero__inner has-parallax bg-cover has-background-image bg-no-repeat bg-center-center hero-center-left-align has-padding has-huge-padding\" style=\"background-image:url(https:\/\/origami.maybachufer.art\/wp-content\/uploads\/2022\/10\/IMG_20221026_164240-scaled.jpg);min-height:350px\"><div class=\"wp-block-coblocks-hero__content-wrapper\"><div class=\"wp-block-coblocks-hero__content\" style=\"max-width:560px\">\n<h2 class=\"wp-block-heading\"><\/h2>\n\n\n\n<p><\/p>\n\n\n\n<div class=\"wp-block-buttons is-layout-flex wp-block-buttons-is-layout-flex\">\n\n<\/div>\n<\/div><\/div><\/div><\/div>\n\n<div style=\"height:50px\" aria-hidden=\"true\" class=\"wp-block-spacer\"><\/div>\n\n<h2 class=\"wp-block-heading\">Botiga Bokx a Berl\u00edn-Friedrichshain<\/h2>\n\n<p>A Bokx pots trobar algunes de les meves figures a la venda i tamb\u00e9 podr\u00e0s adquirir els papers m\u00e9s exquisits al millor preu. En aquest espai acostumem a organitzar tallers d&#8217;origami per a nens i adults.<\/p>\n\n<div style=\"height:50px\" aria-hidden=\"true\" class=\"wp-block-spacer\"><\/div>\n\n<div class=\"wp-block-columns is-layout-flex wp-container-core-columns-is-layout-28232c24 wp-block-columns-is-layout-flex\">\n<div class=\"wp-block-column has-white-background-color has-background is-layout-flow wp-block-column-is-layout-flow\" style=\"padding-top:40px;padding-right:40px;padding-bottom:40px;padding-left:40px;flex-basis:50%\">\n<p><a href=\"https:\/\/www.bokx-kreativ.de\/\" target=\"_blank\" rel=\"noopener\">bokx-kreativ.de<\/a><br\/> artesania art\u00edstica + disseny<br\/> Schreinerstr. 21<br\/> 10247 Berlin-Friedrichshain<br\/> Correu electr\u00f2nic: kontakt@bokx-kreativ.de<br\/> M\u00f2bil: 0176 315 566 32<\/p>\n<\/div>\n\n\n\n<div class=\"wp-block-column is-layout-flow wp-block-column-is-layout-flow\" style=\"flex-basis:50%\">\n<div style=\"min-height:400px\" data-map-attr=\"\/qaddress\/q:\/qbokx-kreativ\/q||\/qlat\/q:\/qundefined\/q||\/qlng\/q:\/qundefined\/q||\/qskin\/q:\/qstandard\/q||\/qzoom\/q:\/q12\/q||\/qiconSize\/q:\/q36\/q||\/qmapTypeControl\/q:\/qtrue\/q||\/qzoomControl\/q:\/qtrue\/q||\/qstreetViewControl\/q:\/qtrue\/q||\/qfullscreenControl\/q:\/qtrue\/q\" class=\"wp-block-coblocks-map\"><iframe title=\"Google Map\" frameborder=\"0\" style=\"width:100%;min-height:400px\" src=\"https:\/\/www.google.com\/maps?q=bokx-kreativ&amp;output=embed&amp;hl=es-ES&amp;z=12\"><\/iframe><\/div>\n<\/div>\n<\/div>\n","protected":false},"excerpt":{"rendered":"<p>Botiga Bokx a Berl\u00edn-Friedrichshain A Bokx pots trobar algunes de les meves figures a la venda i tamb\u00e9 podr\u00e0s adquirir els papers m\u00e9s exquisits al millor preu. En aquest espai acostumem a organitzar tallers d&#8217;origami per a nens i adults. bokx-kreativ.de artesania art\u00edstica + disseny Schreinerstr. 21 10247 Berlin-Friedrichshain Correu electr\u00f2nic: kontakt@bokx-kreativ.de M\u00f2bil: 0176 315 [&hellip;]<\/p>\n","protected":false},"author":1,"featured_media":0,"parent":0,"menu_order":30,"comment_status":"closed","ping_status":"closed","template":"","meta":{"_coblocks_attr":"","_coblocks_dimensions":"","_coblocks_responsive_height":"","_coblocks_accordion_ie_support":"","_uag_custom_page_level_css":"","site-sidebar-layout":"default","site-content-layout":"plain-container","ast-site-content-layout":"normal-width-container","site-content-style":"unboxed","site-sidebar-style":"unboxed","ast-global-header-display":"","ast-banner-title-visibility":"","ast-main-header-display":"","ast-hfb-above-header-display":"","ast-hfb-below-header-display":"","ast-hfb-mobile-header-display":"","site-post-title":"disabled","ast-breadcrumbs-content":"","ast-featured-img":"","footer-sml-layout":"","theme-transparent-header-meta":"disabled","adv-header-id-meta":"","stick-header-meta":"","header-above-stick-meta":"","header-main-stick-meta":"","header-below-stick-meta":"","astra-migrate-meta-layouts":"default","ast-page-background-enabled":"default","ast-page-background-meta":{"desktop":{"background-color":"var(--ast-global-color-4)","background-image":"","background-repeat":"repeat","background-position":"center center","background-size":"auto","background-attachment":"scroll","background-type":"","background-media":"","overlay-type":"","overlay-color":"","overlay-opacity":"","overlay-gradient":""},"tablet":{"background-color":"","background-image":"","background-repeat":"repeat","background-position":"center center","background-size":"auto","background-attachment":"scroll","background-type":"","background-media":"","overlay-type":"","overlay-color":"","overlay-opacity":"","overlay-gradient":""},"mobile":{"background-color":"","background-image":"","background-repeat":"repeat","background-position":"center center","background-size":"auto","background-attachment":"scroll","background-type":"","background-media":"","overlay-type":"","overlay-color":"","overlay-opacity":"","overlay-gradient":""}},"ast-content-background-meta":{"desktop":{"background-color":"var(--ast-global-color-5)","background-image":"","background-repeat":"repeat","background-position":"center center","background-size":"auto","background-attachment":"scroll","background-type":"","background-media":"","overlay-type":"","overlay-color":"","overlay-opacity":"","overlay-gradient":""},"tablet":{"background-color":"var(--ast-global-color-5)","background-image":"","background-repeat":"repeat","background-position":"center center","background-size":"auto","background-attachment":"scroll","background-type":"","background-media":"","overlay-type":"","overlay-color":"","overlay-opacity":"","overlay-gradient":""},"mobile":{"background-color":"var(--ast-global-color-5)","background-image":"","background-repeat":"repeat","background-position":"center center","background-size":"auto","background-attachment":"scroll","background-type":"","background-media":"","overlay-type":"","overlay-color":"","overlay-opacity":"","overlay-gradient":""}},"footnotes":""},"class_list":["post-437","page","type-page","status-publish","hentry"],"uagb_featured_image_src":{"full":false,"thumbnail":false,"medium":false,"medium_large":false,"large":false,"thumblist":false,"thumbrelated":false,"meccarouselthumb":false,"gridsquare":false,"tileview":false,"1536x1536":false,"2048x2048":false,"woocommerce_thumbnail":false,"woocommerce_single":false,"woocommerce_gallery_thumbnail":false},"uagb_author_info":{"display_name":"Rivero Mendoza","author_link":"https:\/\/origami.maybachufer.art\/ca\/author\/aleksei\/"},"uagb_comment_info":0,"uagb_excerpt":"Botiga Bokx a Berl\u00edn-Friedrichshain A Bokx pots trobar algunes de les meves figures a la venda i tamb\u00e9 podr\u00e0s adquirir els papers m\u00e9s exquisits al millor preu. En aquest espai acostumem a organitzar tallers d&#8217;origami per a nens i adults. bokx-kreativ.de artesania art\u00edstica + disseny Schreinerstr. 21 10247 Berlin-Friedrichshain Correu electr\u00f2nic: kontakt@bokx-kreativ.de M\u00f2bil: 0176 315&hellip;","_links":{"self":[{"href":"https:\/\/origami.maybachufer.art\/ca\/wp-json\/wp\/v2\/pages\/437","targetHints":{"allow":["GET"]}}],"collection":[{"href":"https:\/\/origami.maybachufer.art\/ca\/wp-json\/wp\/v2\/pages"}],"about":[{"href":"https:\/\/origami.maybachufer.art\/ca\/wp-json\/wp\/v2\/types\/page"}],"author":[{"embeddable":true,"href":"https:\/\/origami.maybachufer.art\/ca\/wp-json\/wp\/v2\/users\/1"}],"replies":[{"embeddable":true,"href":"https:\/\/origami.maybachufer.art\/ca\/wp-json\/wp\/v2\/comments?post=437"}],"version-history":[{"count":10,"href":"https:\/\/origami.maybachufer.art\/ca\/wp-json\/wp\/v2\/pages\/437\/revisions"}],"predecessor-version":[{"id":7767,"href":"https:\/\/origami.maybachufer.art\/ca\/wp-json\/wp\/v2\/pages\/437\/revisions\/7767"}],"wp:attachment":[{"href":"https:\/\/origami.maybachufer.art\/ca\/wp-json\/wp\/v2\/media?parent=437"}],"curies":[{"name":"wp","href":"https:\/\/api.w.org\/{rel}","templated":true}]}}