{"id":433,"date":"2022-01-16T13:11:10","date_gmt":"2022-01-16T12:11:10","guid":{"rendered":"https:\/\/origami.maybachufer.art\/paper\/"},"modified":"2023-09-26T17:02:56","modified_gmt":"2023-09-26T15:02:56","slug":"paper","status":"publish","type":"page","link":"https:\/\/origami.maybachufer.art\/ca\/paper\/","title":{"rendered":"Paper"},"content":{"rendered":"<div id=\"fb-root\"><\/div>\n\n<div class=\"wp-block-coblocks-hero alignfull coblocks-hero-918145438413\"><div class=\"wp-block-coblocks-hero__inner has-parallax bg-cover has-background-image bg-no-repeat bg-center-center hero-center-left-align has-padding has-huge-padding\" style=\"background-image:url(https:\/\/origami.maybachufer.art\/wp-content\/uploads\/2022\/01\/IMG_20191107_121731-scaled-e1666085422733.jpg);min-height:350px\"><div class=\"wp-block-coblocks-hero__content-wrapper\"><div class=\"wp-block-coblocks-hero__content\" style=\"max-width:560px\">\n<h2 class=\"wp-block-heading\"><\/h2>\n\n\n\n<p><\/p>\n\n\n\n<div class=\"wp-block-buttons is-layout-flex wp-block-buttons-is-layout-flex\">\n\n<\/div>\n<\/div><\/div><\/div><\/div>\n\n<div style=\"height:50px\" aria-hidden=\"true\" class=\"wp-block-spacer\"><\/div>\n\n<h1 class=\"wp-block-heading has-text-align-center\" style=\"font-size:60px\">Washi<\/h1>\n\n<p>Washi \u00e9s la paraula japonesa emprada per referir-se a una varietat de papers fabricats artesanalment a Jap\u00f3 a partir de fibres vegetals.<\/p>\n\n<h2 class=\"wp-block-heading has-text-align-center\">Chiyogami<\/h2>\n\n<p>El paper Chiyogami s&#8217;elabora artesanalment a partir de morera i \u00e9s impr\u00e8s a m\u00e0 utilitzant la t\u00e8cnica de la serigrafia.<\/p>\n\n<p class=\"has-text-align-center\">Origen: Jap\u00f3<br\/>Pes: 70 gr\/m\u00b2<\/p>\n<div data-block-name=\"woocommerce\/product-category\" data-categories=\"[229]\" data-content-visibility=\"{&quot;image&quot;:true,&quot;title&quot;:true,&quot;price&quot;:true,&quot;rating&quot;:true,&quot;button&quot;:false}\" class=\"wc-block-grid wp-block-product-category wp-block-woocommerce-product-category wc-block-product-category has-3-columns has-multiple-rows\"><ul class=\"wc-block-grid__products\"><li class=\"wc-block-grid__product\">\n\t\t\t\t<a href=\"https:\/\/origami.maybachufer.art\/ca\/cataleg\/paper-chiyogami-70-gr-m%c2%b2-quadrat-petit-13-cm%c2%b2\/\" class=\"wc-block-grid__product-link\">\n\t\t\t\t\t\n\t\t\t\t\t<div class=\"wc-block-grid__product-image\"><img loading=\"lazy\" decoding=\"async\" width=\"250\" height=\"250\" src=\"https:\/\/origami.maybachufer.art\/wp-content\/uploads\/2022\/10\/catalogo-origami-2022-001-250x250.jpg\" class=\"attachment-woocommerce_thumbnail size-woocommerce_thumbnail\" alt=\"Paper Chiyogami - 70 gr\/m\u00b2 - Quadrat petit 13 cm\u00b2\" srcset=\"https:\/\/origami.maybachufer.art\/wp-content\/uploads\/2022\/10\/catalogo-origami-2022-001-250x250.jpg 250w, https:\/\/origami.maybachufer.art\/wp-content\/uploads\/2022\/10\/catalogo-origami-2022-001-300x300.jpg 300w, https:\/\/origami.maybachufer.art\/wp-content\/uploads\/2022\/10\/catalogo-origami-2022-001-150x150.jpg 150w, https:\/\/origami.maybachufer.art\/wp-content\/uploads\/2022\/10\/catalogo-origami-2022-001-768x768.jpg 768w, https:\/\/origami.maybachufer.art\/wp-content\/uploads\/2022\/10\/catalogo-origami-2022-001-400x400.jpg 400w, https:\/\/origami.maybachufer.art\/wp-content\/uploads\/2022\/10\/catalogo-origami-2022-001-100x100.jpg 100w, https:\/\/origami.maybachufer.art\/wp-content\/uploads\/2022\/10\/catalogo-origami-2022-001.jpg 1000w\" sizes=\"auto, (max-width: 250px) 100vw, 250px\" \/><\/div>\n\t\t\t\t\t<div class=\"wc-block-grid__product-title\">Paper Chiyogami &#8211; 70 gr\/m\u00b2 &#8211; Quadrat petit 13 cm\u00b2<\/div>\n\t\t\t\t<\/a>\n\t\t\t\t<div class=\"wc-block-grid__product-price price\"><span class=\"woocommerce-Price-amount amount\">2,00<span class=\"woocommerce-Price-currencySymbol\">&euro;<\/span><\/span><\/div>\n\t\t\t\t\n\t\t\t\t\n\t\t\t<\/li><li class=\"wc-block-grid__product\">\n\t\t\t\t<a href=\"https:\/\/origami.maybachufer.art\/ca\/cataleg\/paper-chiyogami-70-gr-m%c2%b2-quadrat-mitja-185-cm%c2%b2\/\" class=\"wc-block-grid__product-link\">\n\t\t\t\t\t\n\t\t\t\t\t<div class=\"wc-block-grid__product-image\"><img loading=\"lazy\" decoding=\"async\" width=\"250\" height=\"250\" src=\"https:\/\/origami.maybachufer.art\/wp-content\/uploads\/2022\/10\/catalogo-origami-2022-004-1-250x250.jpg\" class=\"attachment-woocommerce_thumbnail size-woocommerce_thumbnail\" alt=\"Paper Chiyogami - 70 gr\/m\u00b2 - Quadrat mitj\u00e0 18,5 cm\u00b2\" srcset=\"https:\/\/origami.maybachufer.art\/wp-content\/uploads\/2022\/10\/catalogo-origami-2022-004-1-250x250.jpg 250w, https:\/\/origami.maybachufer.art\/wp-content\/uploads\/2022\/10\/catalogo-origami-2022-004-1-300x300.jpg 300w, https:\/\/origami.maybachufer.art\/wp-content\/uploads\/2022\/10\/catalogo-origami-2022-004-1-150x150.jpg 150w, https:\/\/origami.maybachufer.art\/wp-content\/uploads\/2022\/10\/catalogo-origami-2022-004-1-768x768.jpg 768w, https:\/\/origami.maybachufer.art\/wp-content\/uploads\/2022\/10\/catalogo-origami-2022-004-1-400x400.jpg 400w, https:\/\/origami.maybachufer.art\/wp-content\/uploads\/2022\/10\/catalogo-origami-2022-004-1-100x100.jpg 100w, https:\/\/origami.maybachufer.art\/wp-content\/uploads\/2022\/10\/catalogo-origami-2022-004-1.jpg 1000w\" sizes=\"auto, (max-width: 250px) 100vw, 250px\" \/><\/div>\n\t\t\t\t\t<div class=\"wc-block-grid__product-title\">Paper Chiyogami &#8211; 70 gr\/m\u00b2 &#8211; Quadrat mitj\u00e0 18,5 cm\u00b2<\/div>\n\t\t\t\t<\/a>\n\t\t\t\t<div class=\"wc-block-grid__product-price price\"><span class=\"woocommerce-Price-amount amount\">3,00<span class=\"woocommerce-Price-currencySymbol\">&euro;<\/span><\/span><\/div>\n\t\t\t\t\n\t\t\t\t\n\t\t\t<\/li><li class=\"wc-block-grid__product\">\n\t\t\t\t<a href=\"https:\/\/origami.maybachufer.art\/ca\/cataleg\/paper-chiyogami-70-gr-m%c2%b2-fulla-completa-63-x-97-cm\/\" class=\"wc-block-grid__product-link\">\n\t\t\t\t\t\n\t\t\t\t\t<div class=\"wc-block-grid__product-image\"><img loading=\"lazy\" decoding=\"async\" width=\"250\" height=\"250\" src=\"https:\/\/origami.maybachufer.art\/wp-content\/uploads\/2022\/10\/catalogo-origami-2022-005-250x250.jpg\" class=\"attachment-woocommerce_thumbnail size-woocommerce_thumbnail\" alt=\"Paper Chiyogami - 70 gr\/m\u00b2 - Fulla completa 63 x 97 cm\" srcset=\"https:\/\/origami.maybachufer.art\/wp-content\/uploads\/2022\/10\/catalogo-origami-2022-005-250x250.jpg 250w, https:\/\/origami.maybachufer.art\/wp-content\/uploads\/2022\/10\/catalogo-origami-2022-005-300x300.jpg 300w, https:\/\/origami.maybachufer.art\/wp-content\/uploads\/2022\/10\/catalogo-origami-2022-005-150x150.jpg 150w, https:\/\/origami.maybachufer.art\/wp-content\/uploads\/2022\/10\/catalogo-origami-2022-005-768x768.jpg 768w, https:\/\/origami.maybachufer.art\/wp-content\/uploads\/2022\/10\/catalogo-origami-2022-005-400x400.jpg 400w, https:\/\/origami.maybachufer.art\/wp-content\/uploads\/2022\/10\/catalogo-origami-2022-005-100x100.jpg 100w, https:\/\/origami.maybachufer.art\/wp-content\/uploads\/2022\/10\/catalogo-origami-2022-005.jpg 1000w\" sizes=\"auto, (max-width: 250px) 100vw, 250px\" \/><\/div>\n\t\t\t\t\t<div class=\"wc-block-grid__product-title\">Paper Chiyogami &#8211; 70 gr\/m\u00b2 &#8211; Fulla completa 63 x 97 cm<\/div>\n\t\t\t\t<\/a>\n\t\t\t\t<div class=\"wc-block-grid__product-price price\"><span class=\"woocommerce-Price-amount amount\">20,00<span class=\"woocommerce-Price-currencySymbol\">&euro;<\/span><\/span><\/div>\n\t\t\t\t\n\t\t\t\t\n\t\t\t<\/li><\/ul><\/div>\n<div class=\"wp-block-columns is-layout-flex wp-container-core-columns-is-layout-28f84493 wp-block-columns-is-layout-flex\">\n<div class=\"wp-block-column is-layout-flow wp-block-column-is-layout-flow\">\n<div class=\"wp-block-coblocks-hero alignfull coblocks-hero-918145438413\"><div class=\"wp-block-coblocks-hero__inner has-parallax bg-cover has-background-image bg-no-repeat bg-center-center hero-center-left-align has-padding has-huge-padding\" style=\"background-image:url(https:\/\/origami.maybachufer.art\/wp-content\/uploads\/2022\/11\/IMG_20221118_144352.jpg);min-height:350px\"><div class=\"wp-block-coblocks-hero__content-wrapper\"><div class=\"wp-block-coblocks-hero__content\" style=\"max-width:560px\">\n<h2 class=\"wp-block-heading\"><\/h2>\n\n\n\n<p><\/p>\n\n\n\n<div class=\"wp-block-buttons is-layout-flex wp-block-buttons-is-layout-flex\">\n\n<\/div>\n<\/div><\/div><\/div><\/div>\n\n\n\n<h3 class=\"wp-block-heading has-text-align-center\">Katazome<\/h3>\n\n\n\n<p class=\"has-text-align-center\">Origen: Jap\u00f3<br\/>Pes: 60 gr\/m\u00b2<\/p>\n<\/div>\n\n\n\n<div class=\"wp-block-column is-layout-flow wp-block-column-is-layout-flow\">\n<div class=\"wp-block-coblocks-hero alignfull coblocks-hero-918145438413\"><div class=\"wp-block-coblocks-hero__inner has-parallax bg-auto has-background-image bg-no-repeat bg-center-center hero-center-left-align has-padding has-huge-padding\" style=\"background-image:url(https:\/\/origami.maybachufer.art\/wp-content\/uploads\/2022\/10\/catalogo-origami-2022-007.jpg);min-height:350px\"><div class=\"wp-block-coblocks-hero__content-wrapper\"><div class=\"wp-block-coblocks-hero__content\" style=\"max-width:560px\">\n<h2 class=\"wp-block-heading\"><\/h2>\n\n\n\n<p><\/p>\n\n\n\n<div class=\"wp-block-buttons is-layout-flex wp-block-buttons-is-layout-flex\">\n\n<\/div>\n<\/div><\/div><\/div><\/div>\n\n\n\n<h3 class=\"wp-block-heading has-text-align-center\">Kyoto Cover<\/h3>\n\n\n\n<p class=\"has-text-align-center\">Origen: Jap\u00f3<br\/>Pes: 80 gr\/m\u00b2<\/p>\n<\/div>\n\n\n\n<div class=\"wp-block-column is-layout-flow wp-block-column-is-layout-flow\">\n<div class=\"wp-block-coblocks-hero alignfull coblocks-hero-918145438413\"><div class=\"wp-block-coblocks-hero__inner has-parallax bg-auto has-background-image bg-no-repeat bg-center-center hero-center-left-align has-padding has-huge-padding\" style=\"background-image:url(https:\/\/origami.maybachufer.art\/wp-content\/uploads\/2022\/10\/catalogo-origami-2022-009.jpg);min-height:350px\"><div class=\"wp-block-coblocks-hero__content-wrapper\"><div class=\"wp-block-coblocks-hero__content\" style=\"max-width:560px\">\n<h2 class=\"wp-block-heading\"><\/h2>\n\n\n\n<p><\/p>\n\n\n\n<div class=\"wp-block-buttons is-layout-flex wp-block-buttons-is-layout-flex\">\n\n<\/div>\n<\/div><\/div><\/div><\/div>\n\n\n\n<h3 class=\"wp-block-heading has-text-align-center\">Satogami<\/h3>\n\n\n\n<p class=\"has-text-align-center\">Origen: Jap\u00f3<br\/>Pes: 80 gr\/m\u00b2<\/p>\n<\/div>\n<\/div>\n\n<div class=\"wp-block-coblocks-hero alignfull coblocks-hero-91816054254\"><div class=\"wp-block-coblocks-hero__inner has-parallax bg-cover has-background-image bg-no-repeat bg-center-center hero-center-left-align has-padding has-huge-padding\" style=\"background-image:url(https:\/\/origami.maybachufer.art\/wp-content\/uploads\/2022\/01\/IMG_20191107_121731-edited.jpg);min-height:350px\"><div class=\"wp-block-coblocks-hero__content-wrapper\"><div class=\"wp-block-coblocks-hero__content\" style=\"max-width:560px\">\n<h2 class=\"wp-block-heading\"><\/h2>\n\n\n\n<p><\/p>\n\n\n\n<div class=\"wp-block-buttons is-layout-flex wp-block-buttons-is-layout-flex\">\n\n<\/div>\n<\/div><\/div><\/div><\/div>\n\n<div style=\"height:50px\" aria-hidden=\"true\" class=\"wp-block-spacer\"><\/div>\n\n<h2 class=\"wp-block-heading has-text-align-center\">Carta Varese<\/h2>\n\n<p>Aquest paper tradicional itali\u00e0 es fabrica des del segle XVII a la regi\u00f3 de Flor\u00e8ncia. \u00c9s un material noble i resistent que conserva molt b\u00e9 els colors amb el pas del temps.<\/p>\n\n<p class=\"has-text-align-center\">Origen: It\u00e0lia<br\/>Pes: 100 gr\/m\u00b2<\/p>\n<div data-block-name=\"woocommerce\/product-category\" data-categories=\"[228]\" data-content-visibility=\"{&quot;image&quot;:true,&quot;title&quot;:true,&quot;price&quot;:true,&quot;rating&quot;:true,&quot;button&quot;:false}\" class=\"wc-block-grid wp-block-product-category wp-block-woocommerce-product-category wc-block-product-category has-3-columns has-multiple-rows\"><ul class=\"wc-block-grid__products\"><li class=\"wc-block-grid__product\">\n\t\t\t\t<a href=\"https:\/\/origami.maybachufer.art\/ca\/cataleg\/paper-carta-varese-100-gr-m%c2%b2-quadrat-petit-13-cm%c2%b2\/\" class=\"wc-block-grid__product-link\">\n\t\t\t\t\t\n\t\t\t\t\t<div class=\"wc-block-grid__product-image\"><img loading=\"lazy\" decoding=\"async\" width=\"250\" height=\"250\" src=\"https:\/\/origami.maybachufer.art\/wp-content\/uploads\/2022\/10\/IMG_20221118_144432-250x250.jpg\" class=\"attachment-woocommerce_thumbnail size-woocommerce_thumbnail\" alt=\"Paper Carta Varese - 100 gr\/m\u00b2 - Quadrat petit 13 cm\u00b2\" srcset=\"https:\/\/origami.maybachufer.art\/wp-content\/uploads\/2022\/10\/IMG_20221118_144432-250x250.jpg 250w, https:\/\/origami.maybachufer.art\/wp-content\/uploads\/2022\/10\/IMG_20221118_144432-300x300.jpg 300w, https:\/\/origami.maybachufer.art\/wp-content\/uploads\/2022\/10\/IMG_20221118_144432-150x150.jpg 150w, https:\/\/origami.maybachufer.art\/wp-content\/uploads\/2022\/10\/IMG_20221118_144432-768x768.jpg 768w, https:\/\/origami.maybachufer.art\/wp-content\/uploads\/2022\/10\/IMG_20221118_144432-400x400.jpg 400w, https:\/\/origami.maybachufer.art\/wp-content\/uploads\/2022\/10\/IMG_20221118_144432-100x100.jpg 100w, https:\/\/origami.maybachufer.art\/wp-content\/uploads\/2022\/10\/IMG_20221118_144432.jpg 1000w\" sizes=\"auto, (max-width: 250px) 100vw, 250px\" \/><\/div>\n\t\t\t\t\t<div class=\"wc-block-grid__product-title\">Paper Carta Varese &#8211; 100 gr\/m\u00b2 &#8211; Quadrat petit 13 cm\u00b2<\/div>\n\t\t\t\t<\/a>\n\t\t\t\t<div class=\"wc-block-grid__product-price price\"><span class=\"woocommerce-Price-amount amount\">1,00<span class=\"woocommerce-Price-currencySymbol\">&euro;<\/span><\/span><\/div>\n\t\t\t\t\n\t\t\t\t\n\t\t\t<\/li><li class=\"wc-block-grid__product\">\n\t\t\t\t<a href=\"https:\/\/origami.maybachufer.art\/ca\/cataleg\/paper-carta-varese-100-gr-m%c2%b2-quadrat-gran-50-cm%c2%b2\/\" class=\"wc-block-grid__product-link\">\n\t\t\t\t\t\n\t\t\t\t\t<div class=\"wc-block-grid__product-image\"><img loading=\"lazy\" decoding=\"async\" width=\"250\" height=\"250\" src=\"https:\/\/origami.maybachufer.art\/wp-content\/uploads\/2022\/10\/IMG_20221118_144432-250x250.jpg\" class=\"attachment-woocommerce_thumbnail size-woocommerce_thumbnail\" alt=\"Papel Carta Varese - 100 gr\/m\u00b2 - Cuadrado mediano 18,5 cm\u00b2\" srcset=\"https:\/\/origami.maybachufer.art\/wp-content\/uploads\/2022\/10\/IMG_20221118_144432-250x250.jpg 250w, https:\/\/origami.maybachufer.art\/wp-content\/uploads\/2022\/10\/IMG_20221118_144432-300x300.jpg 300w, https:\/\/origami.maybachufer.art\/wp-content\/uploads\/2022\/10\/IMG_20221118_144432-150x150.jpg 150w, https:\/\/origami.maybachufer.art\/wp-content\/uploads\/2022\/10\/IMG_20221118_144432-768x768.jpg 768w, https:\/\/origami.maybachufer.art\/wp-content\/uploads\/2022\/10\/IMG_20221118_144432-400x400.jpg 400w, https:\/\/origami.maybachufer.art\/wp-content\/uploads\/2022\/10\/IMG_20221118_144432-100x100.jpg 100w, https:\/\/origami.maybachufer.art\/wp-content\/uploads\/2022\/10\/IMG_20221118_144432.jpg 1000w\" sizes=\"auto, (max-width: 250px) 100vw, 250px\" \/><\/div>\n\t\t\t\t\t<div class=\"wc-block-grid__product-title\">Papel Carta Varese &#8211; 100 gr\/m\u00b2 &#8211; Cuadrado mediano 18,5 cm\u00b2<\/div>\n\t\t\t\t<\/a>\n\t\t\t\t<div class=\"wc-block-grid__product-price price\"><span class=\"woocommerce-Price-amount amount\">2,00<span class=\"woocommerce-Price-currencySymbol\">&euro;<\/span><\/span><\/div>\n\t\t\t\t\n\t\t\t\t\n\t\t\t<\/li><li class=\"wc-block-grid__product\">\n\t\t\t\t<a href=\"https:\/\/origami.maybachufer.art\/ca\/cataleg\/paper-carta-varese-100-gr-m%c2%b2-fulla-completa-50-cm-x-70-cm\/\" class=\"wc-block-grid__product-link\">\n\t\t\t\t\t\n\t\t\t\t\t<div class=\"wc-block-grid__product-image\"><img loading=\"lazy\" decoding=\"async\" width=\"250\" height=\"250\" src=\"https:\/\/origami.maybachufer.art\/wp-content\/uploads\/2022\/10\/IMG_20221118_144432-250x250.jpg\" class=\"attachment-woocommerce_thumbnail size-woocommerce_thumbnail\" alt=\"Paper Carta Varese - 100 gr\/m\u00b2 - Fulla completa 50 cm x 70 cm\" srcset=\"https:\/\/origami.maybachufer.art\/wp-content\/uploads\/2022\/10\/IMG_20221118_144432-250x250.jpg 250w, https:\/\/origami.maybachufer.art\/wp-content\/uploads\/2022\/10\/IMG_20221118_144432-300x300.jpg 300w, https:\/\/origami.maybachufer.art\/wp-content\/uploads\/2022\/10\/IMG_20221118_144432-150x150.jpg 150w, https:\/\/origami.maybachufer.art\/wp-content\/uploads\/2022\/10\/IMG_20221118_144432-768x768.jpg 768w, https:\/\/origami.maybachufer.art\/wp-content\/uploads\/2022\/10\/IMG_20221118_144432-400x400.jpg 400w, https:\/\/origami.maybachufer.art\/wp-content\/uploads\/2022\/10\/IMG_20221118_144432-100x100.jpg 100w, https:\/\/origami.maybachufer.art\/wp-content\/uploads\/2022\/10\/IMG_20221118_144432.jpg 1000w\" sizes=\"auto, (max-width: 250px) 100vw, 250px\" \/><\/div>\n\t\t\t\t\t<div class=\"wc-block-grid__product-title\">Paper Carta Varese &#8211; 100 gr\/m\u00b2 &#8211; Fulla completa 50 cm x 70 cm<\/div>\n\t\t\t\t<\/a>\n\t\t\t\t<div class=\"wc-block-grid__product-price price\"><span class=\"woocommerce-Price-amount amount\">2,50<span class=\"woocommerce-Price-currencySymbol\">&euro;<\/span><\/span><\/div>\n\t\t\t\t\n\t\t\t\t\n\t\t\t<\/li><\/ul><\/div>","protected":false},"excerpt":{"rendered":"<p>Washi Washi \u00e9s la paraula japonesa emprada per referir-se a una varietat de papers fabricats artesanalment a Jap\u00f3 a partir de fibres vegetals. Chiyogami El paper Chiyogami s&#8217;elabora artesanalment a partir de morera i \u00e9s impr\u00e8s a m\u00e0 utilitzant la t\u00e8cnica de la serigrafia. Origen: Jap\u00f3Pes: 70 gr\/m\u00b2 Katazome Origen: Jap\u00f3Pes: 60 gr\/m\u00b2 Kyoto Cover [&hellip;]<\/p>\n","protected":false},"author":1,"featured_media":372,"parent":0,"menu_order":20,"comment_status":"closed","ping_status":"closed","template":"","meta":{"_coblocks_attr":"","_coblocks_dimensions":"","_coblocks_responsive_height":"","_coblocks_accordion_ie_support":"","_uag_custom_page_level_css":"","site-sidebar-layout":"default","site-content-layout":"plain-container","ast-site-content-layout":"default","site-content-style":"default","site-sidebar-style":"default","ast-global-header-display":"","ast-banner-title-visibility":"","ast-main-header-display":"","ast-hfb-above-header-display":"","ast-hfb-below-header-display":"","ast-hfb-mobile-header-display":"","site-post-title":"disabled","ast-breadcrumbs-content":"","ast-featured-img":"disabled","footer-sml-layout":"","theme-transparent-header-meta":"disabled","adv-header-id-meta":"","stick-header-meta":"","header-above-stick-meta":"","header-main-stick-meta":"","header-below-stick-meta":"","astra-migrate-meta-layouts":"default","ast-page-background-enabled":"default","ast-page-background-meta":{"desktop":{"background-color":"var(--ast-global-color-4)","background-image":"","background-repeat":"repeat","background-position":"center center","background-size":"auto","background-attachment":"scroll","background-type":"","background-media":"","overlay-type":"","overlay-color":"","overlay-opacity":"","overlay-gradient":""},"tablet":{"background-color":"","background-image":"","background-repeat":"repeat","background-position":"center center","background-size":"auto","background-attachment":"scroll","background-type":"","background-media":"","overlay-type":"","overlay-color":"","overlay-opacity":"","overlay-gradient":""},"mobile":{"background-color":"","background-image":"","background-repeat":"repeat","background-position":"center center","background-size":"auto","background-attachment":"scroll","background-type":"","background-media":"","overlay-type":"","overlay-color":"","overlay-opacity":"","overlay-gradient":""}},"ast-content-background-meta":{"desktop":{"background-color":"var(--ast-global-color-5)","background-image":"","background-repeat":"repeat","background-position":"center center","background-size":"auto","background-attachment":"scroll","background-type":"","background-media":"","overlay-type":"","overlay-color":"","overlay-opacity":"","overlay-gradient":""},"tablet":{"background-color":"var(--ast-global-color-5)","background-image":"","background-repeat":"repeat","background-position":"center center","background-size":"auto","background-attachment":"scroll","background-type":"","background-media":"","overlay-type":"","overlay-color":"","overlay-opacity":"","overlay-gradient":""},"mobile":{"background-color":"var(--ast-global-color-5)","background-image":"","background-repeat":"repeat","background-position":"center center","background-size":"auto","background-attachment":"scroll","background-type":"","background-media":"","overlay-type":"","overlay-color":"","overlay-opacity":"","overlay-gradient":""}},"footnotes":""},"class_list":["post-433","page","type-page","status-publish","has-post-thumbnail","hentry"],"uagb_featured_image_src":{"full":["https:\/\/origami.maybachufer.art\/wp-content\/uploads\/2022\/01\/IMG_20191107_121731-scaled-e1666085422733.jpg",2188,1280,false],"thumbnail":["https:\/\/origami.maybachufer.art\/wp-content\/uploads\/2022\/01\/IMG_20191107_121731-scaled-e1666085422733.jpg",150,88,false],"medium":["https:\/\/origami.maybachufer.art\/wp-content\/uploads\/2022\/01\/IMG_20191107_121731-scaled-e1666085422733.jpg",300,176,false],"medium_large":["https:\/\/origami.maybachufer.art\/wp-content\/uploads\/2022\/01\/IMG_20191107_121731-scaled-e1666085422733.jpg",768,449,false],"large":["https:\/\/origami.maybachufer.art\/wp-content\/uploads\/2022\/01\/IMG_20191107_121731-scaled-e1666085422733.jpg",1024,599,false],"thumblist":["https:\/\/origami.maybachufer.art\/wp-content\/uploads\/2022\/01\/IMG_20191107_121731-scaled-e1666085422733.jpg",300,176,false],"thumbrelated":["https:\/\/origami.maybachufer.art\/wp-content\/uploads\/2022\/01\/IMG_20191107_121731-scaled-e1666085422733.jpg",500,293,false],"meccarouselthumb":["https:\/\/origami.maybachufer.art\/wp-content\/uploads\/2022\/01\/IMG_20191107_121731-scaled-e1666085422733.jpg",474,277,false],"gridsquare":["https:\/\/origami.maybachufer.art\/wp-content\/uploads\/2022\/01\/IMG_20191107_121731-scaled-e1666085422733.jpg",391,229,false],"tileview":["https:\/\/origami.maybachufer.art\/wp-content\/uploads\/2022\/01\/IMG_20191107_121731-scaled-e1666085422733.jpg",300,176,false],"1536x1536":["https:\/\/origami.maybachufer.art\/wp-content\/uploads\/2022\/01\/IMG_20191107_121731-scaled-e1666085422733.jpg",1536,899,false],"2048x2048":["https:\/\/origami.maybachufer.art\/wp-content\/uploads\/2022\/01\/IMG_20191107_121731-scaled-e1666085422733.jpg",2048,1198,false],"woocommerce_thumbnail":["https:\/\/origami.maybachufer.art\/wp-content\/uploads\/2022\/01\/IMG_20191107_121731-scaled-e1666085422733-250x250.jpg",250,250,true],"woocommerce_single":["https:\/\/origami.maybachufer.art\/wp-content\/uploads\/2022\/01\/IMG_20191107_121731-scaled-e1666085422733-400x234.jpg",400,234,true],"woocommerce_gallery_thumbnail":["https:\/\/origami.maybachufer.art\/wp-content\/uploads\/2022\/01\/IMG_20191107_121731-scaled-e1666085422733-100x100.jpg",100,100,true]},"uagb_author_info":{"display_name":"Rivero Mendoza","author_link":"https:\/\/origami.maybachufer.art\/ca\/author\/aleksei\/"},"uagb_comment_info":0,"uagb_excerpt":"Washi Washi \u00e9s la paraula japonesa emprada per referir-se a una varietat de papers fabricats artesanalment a Jap\u00f3 a partir de fibres vegetals. Chiyogami El paper Chiyogami s&#8217;elabora artesanalment a partir de morera i \u00e9s impr\u00e8s a m\u00e0 utilitzant la t\u00e8cnica de la serigrafia. Origen: Jap\u00f3Pes: 70 gr\/m\u00b2 Katazome Origen: Jap\u00f3Pes: 60 gr\/m\u00b2 Kyoto Cover&hellip;","_links":{"self":[{"href":"https:\/\/origami.maybachufer.art\/ca\/wp-json\/wp\/v2\/pages\/433","targetHints":{"allow":["GET"]}}],"collection":[{"href":"https:\/\/origami.maybachufer.art\/ca\/wp-json\/wp\/v2\/pages"}],"about":[{"href":"https:\/\/origami.maybachufer.art\/ca\/wp-json\/wp\/v2\/types\/page"}],"author":[{"embeddable":true,"href":"https:\/\/origami.maybachufer.art\/ca\/wp-json\/wp\/v2\/users\/1"}],"replies":[{"embeddable":true,"href":"https:\/\/origami.maybachufer.art\/ca\/wp-json\/wp\/v2\/comments?post=433"}],"version-history":[{"count":7,"href":"https:\/\/origami.maybachufer.art\/ca\/wp-json\/wp\/v2\/pages\/433\/revisions"}],"predecessor-version":[{"id":4479,"href":"https:\/\/origami.maybachufer.art\/ca\/wp-json\/wp\/v2\/pages\/433\/revisions\/4479"}],"wp:featuredmedia":[{"embeddable":true,"href":"https:\/\/origami.maybachufer.art\/ca\/wp-json\/wp\/v2\/media\/372"}],"wp:attachment":[{"href":"https:\/\/origami.maybachufer.art\/ca\/wp-json\/wp\/v2\/media?parent=433"}],"curies":[{"name":"wp","href":"https:\/\/api.w.org\/{rel}","templated":true}]}}