{"id":2801,"date":"2022-11-18T22:26:32","date_gmt":"2022-11-18T21:26:32","guid":{"rendered":"https:\/\/origami.maybachufer.art\/tallers\/taller-dorigami-en-bokx-berlin-friedrichshain-20221210\/"},"modified":"2022-11-18T22:26:32","modified_gmt":"2022-11-18T21:26:32","slug":"taller-dorigami-en-bokx-berlin-friedrichshain-20221210","status":"publish","type":"page","link":"https:\/\/origami.maybachufer.art\/ca\/tallers\/taller-dorigami-en-bokx-berlin-friedrichshain-20221210\/","title":{"rendered":"Taller d&#8217;origami a Bokx (Berl\u00edn-Friedrichshain)"},"content":{"rendered":"<div id=\"fb-root\"><\/div>\n\n<div class=\"wp-block-columns is-layout-flex wp-container-core-columns-is-layout-28f84493 wp-block-columns-is-layout-flex\">\n<div class=\"wp-block-column is-layout-flow wp-block-column-is-layout-flow\" style=\"flex-basis:25%\">\n<p class=\"has-text-align-center has-ast-global-color-4-color has-ast-global-color-0-background-color has-text-color has-background\" style=\"font-size:15px\">10 de Desembre de 2022<br\/>19h &#8211; 21h<\/p>\n\n\n\n<p class=\"has-text-align-center\"><strong>25 \u20ac<\/strong> per persona<br\/>material incl\u00f2s<\/p>\n<\/div>\n\n\n\n<div class=\"wp-block-column is-vertically-aligned-top is-layout-flow wp-block-column-is-layout-flow\" style=\"flex-basis:75%\">\n<p>Taller d\u00b4origami per a totes les edats en grups petits. Contingut adaptat a les habilitats i prefer\u00e8ncies dels participants. Aquesta activitat t\u00e9 lloc a la rebotiga de <a href=\"https:\/\/origami.maybachufer.art\/ca\/on-comprar\/\" data-type=\"page\" data-id=\"199\">Bokx<\/a>, la botiga de Stephanie.<\/p>\n<\/div>\n<\/div>\n\n<figure class=\"wp-block-image size-large\"><img loading=\"lazy\" decoding=\"async\" width=\"1024\" height=\"512\" src=\"https:\/\/origami.maybachufer.art\/wp-content\/uploads\/2022\/01\/IMG_20210707_150220-scaled-e1666250752942-1024x512.jpg\" alt=\"Tallers d'origami per Aleksei\" class=\"wp-image-264\" srcset=\"https:\/\/origami.maybachufer.art\/wp-content\/uploads\/2022\/01\/IMG_20210707_150220-scaled-e1666250752942-1024x512.jpg 1024w, https:\/\/origami.maybachufer.art\/wp-content\/uploads\/2022\/01\/IMG_20210707_150220-scaled-e1666250752942-400x200.jpg 400w, https:\/\/origami.maybachufer.art\/wp-content\/uploads\/2022\/01\/IMG_20210707_150220-scaled-e1666250752942-300x150.jpg 300w, https:\/\/origami.maybachufer.art\/wp-content\/uploads\/2022\/01\/IMG_20210707_150220-scaled-e1666250752942-768x384.jpg 768w, https:\/\/origami.maybachufer.art\/wp-content\/uploads\/2022\/01\/IMG_20210707_150220-scaled-e1666250752942-1536x768.jpg 1536w, https:\/\/origami.maybachufer.art\/wp-content\/uploads\/2022\/01\/IMG_20210707_150220-scaled-e1666250752942-2048x1024.jpg 2048w\" sizes=\"auto, (max-width: 1024px) 100vw, 1024px\" \/><\/figure>\n<h4 class=\"wp-block-heading\">Ubicaci\u00f3<\/h4>\n\n<div class=\"wp-block-columns is-layout-flex wp-container-core-columns-is-layout-28f84493 wp-block-columns-is-layout-flex\">\n<div class=\"wp-block-column is-layout-flow wp-block-column-is-layout-flow\">\n<div style=\"min-height:400px\" data-map-attr=\"\/qaddress\/q:\/qbokx-kreativ\/q||\/qlat\/q:\/qundefined\/q||\/qlng\/q:\/qundefined\/q||\/qskin\/q:\/qstandard\/q||\/qzoom\/q:\/q12\/q||\/qiconSize\/q:\/q36\/q||\/qmapTypeControl\/q:\/qtrue\/q||\/qzoomControl\/q:\/qtrue\/q||\/qstreetViewControl\/q:\/qtrue\/q||\/qfullscreenControl\/q:\/qtrue\/q\" class=\"wp-block-coblocks-map\"><iframe title=\"Google Map\" frameborder=\"0\" style=\"width:100%;min-height:400px\" src=\"https:\/\/www.google.com\/maps?q=bokx-kreativ&amp;output=embed&amp;hl=es-ES&amp;z=12\"><\/iframe><\/div>\n<\/div>\n\n\n\n<div class=\"wp-block-column is-layout-flow wp-block-column-is-layout-flow\">\n<p>Bokx<br\/>Schreinerstr. 21 10247 Berlin-Friedrichshain<\/p>\n\n\n\n<p>Tel: (+49) 176 315 566 32 <\/p>\n\n\n\n<p>web: <a href=\"https:\/\/www.bokx-kreativ.de\/\" target=\"_blank\" rel=\"noopener\">https:\/\/www.bokx-kreativ.de\/<\/a><\/p>\n<\/div>\n<\/div>\n","protected":false},"excerpt":{"rendered":"<p>10 de Desembre de 202219h &#8211; 21h 25 \u20ac per personamaterial incl\u00f2s Taller d\u00b4origami per a totes les edats en grups petits. Contingut adaptat a les habilitats i prefer\u00e8ncies dels participants. Aquesta activitat t\u00e9 lloc a la rebotiga de Bokx, la botiga de Stephanie. Ubicaci\u00f3 BokxSchreinerstr. 21 10247 Berlin-Friedrichshain Tel: (+49) 176 315 566 32 [&hellip;]<\/p>\n","protected":false},"author":1,"featured_media":0,"parent":443,"menu_order":0,"comment_status":"closed","ping_status":"closed","template":"","meta":{"_coblocks_attr":"","_coblocks_dimensions":"","_coblocks_responsive_height":"","_coblocks_accordion_ie_support":"","_uag_custom_page_level_css":"","site-sidebar-layout":"default","site-content-layout":"","ast-site-content-layout":"default","site-content-style":"default","site-sidebar-style":"default","ast-global-header-display":"","ast-banner-title-visibility":"","ast-main-header-display":"","ast-hfb-above-header-display":"","ast-hfb-below-header-display":"","ast-hfb-mobile-header-display":"","site-post-title":"","ast-breadcrumbs-content":"","ast-featured-img":"disabled","footer-sml-layout":"","theme-transparent-header-meta":"","adv-header-id-meta":"","stick-header-meta":"","header-above-stick-meta":"","header-main-stick-meta":"","header-below-stick-meta":"","astra-migrate-meta-layouts":"default","ast-page-background-enabled":"default","ast-page-background-meta":{"desktop":{"background-color":"var(--ast-global-color-4)","background-image":"","background-repeat":"repeat","background-position":"center center","background-size":"auto","background-attachment":"scroll","background-type":"","background-media":"","overlay-type":"","overlay-color":"","overlay-opacity":"","overlay-gradient":""},"tablet":{"background-color":"","background-image":"","background-repeat":"repeat","background-position":"center center","background-size":"auto","background-attachment":"scroll","background-type":"","background-media":"","overlay-type":"","overlay-color":"","overlay-opacity":"","overlay-gradient":""},"mobile":{"background-color":"","background-image":"","background-repeat":"repeat","background-position":"center center","background-size":"auto","background-attachment":"scroll","background-type":"","background-media":"","overlay-type":"","overlay-color":"","overlay-opacity":"","overlay-gradient":""}},"ast-content-background-meta":{"desktop":{"background-color":"var(--ast-global-color-5)","background-image":"","background-repeat":"repeat","background-position":"center center","background-size":"auto","background-attachment":"scroll","background-type":"","background-media":"","overlay-type":"","overlay-color":"","overlay-opacity":"","overlay-gradient":""},"tablet":{"background-color":"var(--ast-global-color-5)","background-image":"","background-repeat":"repeat","background-position":"center center","background-size":"auto","background-attachment":"scroll","background-type":"","background-media":"","overlay-type":"","overlay-color":"","overlay-opacity":"","overlay-gradient":""},"mobile":{"background-color":"var(--ast-global-color-5)","background-image":"","background-repeat":"repeat","background-position":"center center","background-size":"auto","background-attachment":"scroll","background-type":"","background-media":"","overlay-type":"","overlay-color":"","overlay-opacity":"","overlay-gradient":""}},"footnotes":""},"class_list":["post-2801","page","type-page","status-publish","hentry"],"uagb_featured_image_src":{"full":false,"thumbnail":false,"medium":false,"medium_large":false,"large":false,"thumblist":false,"thumbrelated":false,"meccarouselthumb":false,"gridsquare":false,"tileview":false,"1536x1536":false,"2048x2048":false,"woocommerce_thumbnail":false,"woocommerce_single":false,"woocommerce_gallery_thumbnail":false},"uagb_author_info":{"display_name":"Rivero Mendoza","author_link":"https:\/\/origami.maybachufer.art\/ca\/author\/aleksei\/"},"uagb_comment_info":0,"uagb_excerpt":"10 de Desembre de 202219h &#8211; 21h 25 \u20ac per personamaterial incl\u00f2s Taller d\u00b4origami per a totes les edats en grups petits. Contingut adaptat a les habilitats i prefer\u00e8ncies dels participants. Aquesta activitat t\u00e9 lloc a la rebotiga de Bokx, la botiga de Stephanie. Ubicaci\u00f3 BokxSchreinerstr. 21 10247 Berlin-Friedrichshain Tel: (+49) 176 315 566 32&hellip;","_links":{"self":[{"href":"https:\/\/origami.maybachufer.art\/ca\/wp-json\/wp\/v2\/pages\/2801","targetHints":{"allow":["GET"]}}],"collection":[{"href":"https:\/\/origami.maybachufer.art\/ca\/wp-json\/wp\/v2\/pages"}],"about":[{"href":"https:\/\/origami.maybachufer.art\/ca\/wp-json\/wp\/v2\/types\/page"}],"author":[{"embeddable":true,"href":"https:\/\/origami.maybachufer.art\/ca\/wp-json\/wp\/v2\/users\/1"}],"replies":[{"embeddable":true,"href":"https:\/\/origami.maybachufer.art\/ca\/wp-json\/wp\/v2\/comments?post=2801"}],"version-history":[{"count":1,"href":"https:\/\/origami.maybachufer.art\/ca\/wp-json\/wp\/v2\/pages\/2801\/revisions"}],"predecessor-version":[{"id":2802,"href":"https:\/\/origami.maybachufer.art\/ca\/wp-json\/wp\/v2\/pages\/2801\/revisions\/2802"}],"up":[{"embeddable":true,"href":"https:\/\/origami.maybachufer.art\/ca\/wp-json\/wp\/v2\/pages\/443"}],"wp:attachment":[{"href":"https:\/\/origami.maybachufer.art\/ca\/wp-json\/wp\/v2\/media?parent=2801"}],"curies":[{"name":"wp","href":"https:\/\/api.w.org\/{rel}","templated":true}]}}