{"id":2765,"date":"2022-11-18T21:21:12","date_gmt":"2022-11-18T20:21:12","guid":{"rendered":"https:\/\/origami.maybachufer.art\/on-comprar\/mercat-nadalenc-en-strandbad-wendenschloss-berlin-kopenick\/"},"modified":"2022-11-18T22:13:52","modified_gmt":"2022-11-18T21:13:52","slug":"mercat-nadalenc-en-strandbad-wendenschloss-berlin-kopenick","status":"publish","type":"page","link":"https:\/\/origami.maybachufer.art\/ca\/on-comprar\/mercat-nadalenc-en-strandbad-wendenschloss-berlin-kopenick\/","title":{"rendered":"Mercat nadalenc a Strandbad Wendenschloss (Berlin-K\u00f6penick)"},"content":{"rendered":"<div id=\"fb-root\"><\/div>\n\n<div class=\"wp-block-columns is-layout-flex wp-container-core-columns-is-layout-28f84493 wp-block-columns-is-layout-flex\">\n<div class=\"wp-block-column is-layout-flow wp-block-column-is-layout-flow\" style=\"flex-basis:25%\">\n<p class=\"has-text-align-center has-ast-global-color-4-color has-ast-global-color-0-background-color has-text-color has-background\" style=\"font-size:15px\">3, 4, 17, 18 Desembre 2022<br\/>12h &#8211; 20h<\/p>\n<\/div>\n\n\n\n<div class=\"wp-block-column is-vertically-aligned-top is-layout-flow wp-block-column-is-layout-flow\" style=\"flex-basis:75%\">\n<h1 class=\"has-text-align-left wp-block-heading\">Winterzauber (M\u00e0gia d&#8217;hivern)<\/h1>\n\n\n\n<p>Parada d&#8217;origami i regals per Maybachufer.art i <a href=\"https:\/\/origami.maybachufer.art\/ca\/on-comprar\/\" data-type=\"page\" data-id=\"199\">Bokx<\/a> al mercat nadalenc &#8220;Winterzauber&#8221; a Strandbad Wendenschloss<\/p>\n<\/div>\n<\/div>\n\n<figure class=\"wp-block-image aligncenter size-large\"><img loading=\"lazy\" decoding=\"async\" width=\"1024\" height=\"576\" src=\"https:\/\/origami.maybachufer.art\/wp-content\/uploads\/2022\/11\/winterzauber-1024x576.jpg\" alt=\"\" class=\"wp-image-2771\" srcset=\"https:\/\/origami.maybachufer.art\/wp-content\/uploads\/2022\/11\/winterzauber-1024x576.jpg 1024w, https:\/\/origami.maybachufer.art\/wp-content\/uploads\/2022\/11\/winterzauber-300x169.jpg 300w, https:\/\/origami.maybachufer.art\/wp-content\/uploads\/2022\/11\/winterzauber-768x432.jpg 768w, https:\/\/origami.maybachufer.art\/wp-content\/uploads\/2022\/11\/winterzauber-1536x864.jpg 1536w, https:\/\/origami.maybachufer.art\/wp-content\/uploads\/2022\/11\/winterzauber-400x225.jpg 400w, https:\/\/origami.maybachufer.art\/wp-content\/uploads\/2022\/11\/winterzauber.jpg 2048w\" sizes=\"auto, (max-width: 1024px) 100vw, 1024px\" \/><\/figure>\n<h3 class=\"wp-block-heading\">Molt m\u00e9s que un mercat nadalenc<\/h3>\n\n<p>Tots els caps de setmana d&#8217;Advent (dissabtes i diumenges) t\u00e9 lloc aquesta reuni\u00f3 prenadalenca a partir de les 12:00 ha Strandbad Wendenschloss, al districte berlines de Treptow-K\u00f6penik. Diversos llocs nadalencs ofereixen les seves del\u00edcies dolces i salades. Per descomptat, no s&#8217;ha de perdre el vi calent i el ponx al voltant de la foguera. No podrien faltar els selectes parades d&#8217;artesania on podreu trobar els regals m\u00e9s originals per a aquestes festes. El curling, els jocs d&#8217;hivern, el karaoke nadalenc, les passejades amb vaixell amb vi calent i altres esdeveniments proporcionen entreteniment.<\/p>\n\n<h3 class=\"wp-block-heading\">Una parada dedicada a l&#8217;origami i al paper<\/h3>\n\n<p>Per a aquest esdeveniment portarem una gran col\u00b7lecci\u00f3 d&#8217;origami amb obres de Simon Lulzac (<a href=\"https:\/\/korakami.com\" data-type=\"URL\" data-id=\"https:\/\/korakami.com\" target=\"_blank\" rel=\"noopener\">Kora Kami<\/a>), Nikolai Kohler, Stephanie Niesner (<a href=\"https:\/\/bokx-kreativ.de\" target=\"_blank\" rel=\"noopener\">Bokx<\/a>), Aleksei Hecht (<a href=\"https:\/\/origami.maybachufer.art\/ca\/sobre-aleksei\/\" data-type=\"page\" data-id=\"86\">Maybachufer.art<\/a>) i joieria d&#8217;origami per Barbara Massacci (<a href=\"https:\/\/massacci.com\/\" target=\"_blank\" rel=\"noopener\">Massacci.com<\/a>). Podr\u00e0s visitar l&#8217;estand de Bokx i Maybachufer.art en aquest mercat \u00fanicament durant el segon i quart cap de setmana d&#8217;Advent.<\/p>\n\n<h3 class=\"wp-block-heading\">En un lloc veritablement m\u00e0gic<\/h3>\n\n<p>Les instal\u00b7lacions dels banys p\u00fablics de Strandbad Wendenschloss es troben en una ubicaci\u00f3 privilegiada, envoltada de boscos ia la riba del Langer See, amb una petita platja, una cerveseria, una cafeteria i dues sales d\u00b4esdeveniments. Tamb\u00e9 disposen d\u00b4una \u00e0mplia gamma d\u00b4atraccions i articles de lloguer. Cases flotants, basses, taules de SUP, canoes, pots de pedal i pots de rem, aix\u00ed com dues pistes de voleibol, diverses taules de ping-pong i una pista de petanca.<\/p>\n\n<figure class=\"wp-block-image size-large\"><img decoding=\"async\" src=\"https:\/\/cdn.eventinc.de\/provider_pictures\/pictures\/000\/227\/784\/cropped_webp\/eventlocation-strandbad-wendenschloss-berlin.webp?1572337832\" alt=\"\"\/><figcaption class=\"wp-element-caption\">(font de les imatges: <a href=\"https:\/\/www.eventinc.de\/eventlocation\/berlin\/strandbad-wendenschloss\" target=\"_blank\" rel=\"noopener\">https:\/\/www.eventinc.de\/eventlocation\/berlin\/strandbad-wendenschloss<\/a>)<\/figcaption><\/figure>\n<h4 class=\"wp-block-heading\">Ubicaci\u00f3<\/h4>\n\n<div class=\"wp-block-columns is-layout-flex wp-container-core-columns-is-layout-28f84493 wp-block-columns-is-layout-flex\">\n<div class=\"wp-block-column is-layout-flow wp-block-column-is-layout-flow\">\n<div style=\"min-height:400px\" data-map-attr=\"\/qaddress\/q:\/qStrandbad Wendenschloss\/q||\/qlat\/q:\/qundefined\/q||\/qlng\/q:\/qundefined\/q||\/qskin\/q:\/qstandard\/q||\/qzoom\/q:\/q12\/q||\/qiconSize\/q:\/q36\/q||\/qmapTypeControl\/q:\/qtrue\/q||\/qzoomControl\/q:\/qtrue\/q||\/qstreetViewControl\/q:\/qtrue\/q||\/qfullscreenControl\/q:\/qtrue\/q\" class=\"wp-block-coblocks-map\"><iframe title=\"Google Map\" frameborder=\"0\" style=\"width:100%;min-height:400px\" src=\"https:\/\/www.google.com\/maps?q=Strandbad%20Wendenschloss&amp;output=embed&amp;hl=es-ES&amp;z=12\"><\/iframe><\/div>\n<\/div>\n\n\n\n<div class=\"wp-block-column is-layout-flow wp-block-column-is-layout-flow\">\n<p>M\u00f6llhausenufer 30, 12557 Berlin<\/p>\n\n\n\n<p>Tel: (+49) 030 &#8211; 84 51 89 07<\/p>\n\n\n\n<p>web: <a href=\"https:\/\/strandbad-wendenschloss.berlin\/\" target=\"_blank\" rel=\"noopener\">https:\/\/strandbad-wendenschloss.berlin\/<\/a><\/p>\n<\/div>\n<\/div>\n","protected":false},"excerpt":{"rendered":"<p>3, 4, 17, 18 Desembre 202212h &#8211; 20h Winterzauber (M\u00e0gia d&#8217;hivern) Parada d&#8217;origami i regals per Maybachufer.art i Bokx al mercat nadalenc &#8220;Winterzauber&#8221; a Strandbad Wendenschloss Molt m\u00e9s que un mercat nadalenc Tots els caps de setmana d&#8217;Advent (dissabtes i diumenges) t\u00e9 lloc aquesta reuni\u00f3 prenadalenca a partir de les 12:00 ha Strandbad Wendenschloss, al [&hellip;]<\/p>\n","protected":false},"author":1,"featured_media":0,"parent":437,"menu_order":0,"comment_status":"closed","ping_status":"closed","template":"","meta":{"_coblocks_attr":"","_coblocks_dimensions":"","_coblocks_responsive_height":"","_coblocks_accordion_ie_support":"","_uag_custom_page_level_css":"","site-sidebar-layout":"default","site-content-layout":"","ast-site-content-layout":"default","site-content-style":"default","site-sidebar-style":"default","ast-global-header-display":"","ast-banner-title-visibility":"","ast-main-header-display":"","ast-hfb-above-header-display":"","ast-hfb-below-header-display":"","ast-hfb-mobile-header-display":"","site-post-title":"","ast-breadcrumbs-content":"","ast-featured-img":"","footer-sml-layout":"","theme-transparent-header-meta":"","adv-header-id-meta":"","stick-header-meta":"","header-above-stick-meta":"","header-main-stick-meta":"","header-below-stick-meta":"","astra-migrate-meta-layouts":"default","ast-page-background-enabled":"default","ast-page-background-meta":{"desktop":{"background-color":"var(--ast-global-color-4)","background-image":"","background-repeat":"repeat","background-position":"center center","background-size":"auto","background-attachment":"scroll","background-type":"","background-media":"","overlay-type":"","overlay-color":"","overlay-opacity":"","overlay-gradient":""},"tablet":{"background-color":"","background-image":"","background-repeat":"repeat","background-position":"center center","background-size":"auto","background-attachment":"scroll","background-type":"","background-media":"","overlay-type":"","overlay-color":"","overlay-opacity":"","overlay-gradient":""},"mobile":{"background-color":"","background-image":"","background-repeat":"repeat","background-position":"center center","background-size":"auto","background-attachment":"scroll","background-type":"","background-media":"","overlay-type":"","overlay-color":"","overlay-opacity":"","overlay-gradient":""}},"ast-content-background-meta":{"desktop":{"background-color":"var(--ast-global-color-5)","background-image":"","background-repeat":"repeat","background-position":"center center","background-size":"auto","background-attachment":"scroll","background-type":"","background-media":"","overlay-type":"","overlay-color":"","overlay-opacity":"","overlay-gradient":""},"tablet":{"background-color":"var(--ast-global-color-5)","background-image":"","background-repeat":"repeat","background-position":"center center","background-size":"auto","background-attachment":"scroll","background-type":"","background-media":"","overlay-type":"","overlay-color":"","overlay-opacity":"","overlay-gradient":""},"mobile":{"background-color":"var(--ast-global-color-5)","background-image":"","background-repeat":"repeat","background-position":"center center","background-size":"auto","background-attachment":"scroll","background-type":"","background-media":"","overlay-type":"","overlay-color":"","overlay-opacity":"","overlay-gradient":""}},"footnotes":""},"class_list":["post-2765","page","type-page","status-publish","hentry"],"uagb_featured_image_src":{"full":false,"thumbnail":false,"medium":false,"medium_large":false,"large":false,"thumblist":false,"thumbrelated":false,"meccarouselthumb":false,"gridsquare":false,"tileview":false,"1536x1536":false,"2048x2048":false,"woocommerce_thumbnail":false,"woocommerce_single":false,"woocommerce_gallery_thumbnail":false},"uagb_author_info":{"display_name":"Rivero Mendoza","author_link":"https:\/\/origami.maybachufer.art\/ca\/author\/aleksei\/"},"uagb_comment_info":0,"uagb_excerpt":"3, 4, 17, 18 Desembre 202212h &#8211; 20h Winterzauber (M\u00e0gia d&#8217;hivern) Parada d&#8217;origami i regals per Maybachufer.art i Bokx al mercat nadalenc &#8220;Winterzauber&#8221; a Strandbad Wendenschloss Molt m\u00e9s que un mercat nadalenc Tots els caps de setmana d&#8217;Advent (dissabtes i diumenges) t\u00e9 lloc aquesta reuni\u00f3 prenadalenca a partir de les 12:00 ha Strandbad Wendenschloss, al&hellip;","_links":{"self":[{"href":"https:\/\/origami.maybachufer.art\/ca\/wp-json\/wp\/v2\/pages\/2765","targetHints":{"allow":["GET"]}}],"collection":[{"href":"https:\/\/origami.maybachufer.art\/ca\/wp-json\/wp\/v2\/pages"}],"about":[{"href":"https:\/\/origami.maybachufer.art\/ca\/wp-json\/wp\/v2\/types\/page"}],"author":[{"embeddable":true,"href":"https:\/\/origami.maybachufer.art\/ca\/wp-json\/wp\/v2\/users\/1"}],"replies":[{"embeddable":true,"href":"https:\/\/origami.maybachufer.art\/ca\/wp-json\/wp\/v2\/comments?post=2765"}],"version-history":[{"count":3,"href":"https:\/\/origami.maybachufer.art\/ca\/wp-json\/wp\/v2\/pages\/2765\/revisions"}],"predecessor-version":[{"id":2792,"href":"https:\/\/origami.maybachufer.art\/ca\/wp-json\/wp\/v2\/pages\/2765\/revisions\/2792"}],"up":[{"embeddable":true,"href":"https:\/\/origami.maybachufer.art\/ca\/wp-json\/wp\/v2\/pages\/437"}],"wp:attachment":[{"href":"https:\/\/origami.maybachufer.art\/ca\/wp-json\/wp\/v2\/media?parent=2765"}],"curies":[{"name":"wp","href":"https:\/\/api.w.org\/{rel}","templated":true}]}}